{"id":13201,"date":"2023-11-20T15:34:39","date_gmt":"2023-11-20T14:34:39","guid":{"rendered":"http:\/\/wisla.skoczow.pl\/?page_id=13201"},"modified":"2026-04-11T19:18:58","modified_gmt":"2026-04-11T18:18:58","slug":"zespol-futsal","status":"publish","type":"page","link":"http:\/\/wisla.skoczow.pl\/?page_id=13201","title":{"rendered":"FUTSAL &#8211; I LIGA KOBIET"},"content":{"rendered":"\n<div class=\"wp-block-columns is-layout-flex wp-container-core-columns-is-layout-28f84493 wp-block-columns-is-layout-flex\">\n<div class=\"wp-block-column is-vertically-aligned-center is-layout-flow wp-block-column-is-layout-flow\" style=\"flex-basis:33.33%\">\n<p class=\"has-lato-font-family\"><strong>SEZON: 2025\/2026<\/strong><br><strong>Trener: Sonia Gustowska&nbsp; &nbsp;&nbsp;<\/strong><\/p>\n\n\n\n<p class=\"has-lato-font-family has-small-font-size\"><strong>SK\u0141AD I LIGA<\/strong>:<br><strong>1. BOGACKA Klaudia<br>2. KARWOT Anna<br>3. K\u0141\u00d3SKO Emilia<br>4. KONIECZNY Karolina<br>5. KOPIEC Patrycja<\/strong> <br><strong>6. KOZIE\u0141 Wiktoria<br>7. MR\u00d3Z Kinga<br>8. PIENI\u0104CY Monika<br>9. PONIKIEWSKA Anna<br>10. RYGIEL Amelia<br>11. SALAMON Weronika<br>12. SKURZOK Nikola<br>13. STANNA Karolina<br>14. STARZYK Nikola<br>15. WALECZEK Zuzanna<\/strong><\/p>\n<\/div>\n\n\n\n<div class=\"wp-block-column is-layout-flow wp-block-column-is-layout-flow\" style=\"flex-basis:66.66%\">\n<figure class=\"wp-block-image size-large\"><img loading=\"lazy\" decoding=\"async\" width=\"1024\" height=\"683\" src=\"http:\/\/wisla.skoczow.pl\/wp-content\/uploads\/2025\/12\/FUTSAL-1024x683.jpg\" alt=\"\" class=\"wp-image-62674\" srcset=\"http:\/\/wisla.skoczow.pl\/wp-content\/uploads\/2025\/12\/FUTSAL-1024x683.jpg 1024w, http:\/\/wisla.skoczow.pl\/wp-content\/uploads\/2025\/12\/FUTSAL-300x200.jpg 300w, http:\/\/wisla.skoczow.pl\/wp-content\/uploads\/2025\/12\/FUTSAL-768x512.jpg 768w, http:\/\/wisla.skoczow.pl\/wp-content\/uploads\/2025\/12\/FUTSAL-1536x1024.jpg 1536w, http:\/\/wisla.skoczow.pl\/wp-content\/uploads\/2025\/12\/FUTSAL-2048x1365.jpg 2048w, http:\/\/wisla.skoczow.pl\/wp-content\/uploads\/2025\/12\/FUTSAL-128x85.jpg 128w, http:\/\/wisla.skoczow.pl\/wp-content\/uploads\/2025\/12\/FUTSAL-32x21.jpg 32w\" sizes=\"auto, (max-width: 1024px) 100vw, 1024px\" \/><\/figure>\n<\/div>\n<\/div>\n\n\n\n<figure class=\"wp-block-image aligncenter size-full\"><img loading=\"lazy\" decoding=\"async\" width=\"1302\" height=\"545\" src=\"https:\/\/wisla.skoczow.pl\/wp-content\/uploads\/2026\/04\/obraz-9.png\" alt=\"\" class=\"wp-image-63538\" srcset=\"http:\/\/wisla.skoczow.pl\/wp-content\/uploads\/2026\/04\/obraz-9.png 1302w, http:\/\/wisla.skoczow.pl\/wp-content\/uploads\/2026\/04\/obraz-9-300x126.png 300w, http:\/\/wisla.skoczow.pl\/wp-content\/uploads\/2026\/04\/obraz-9-1024x429.png 1024w, http:\/\/wisla.skoczow.pl\/wp-content\/uploads\/2026\/04\/obraz-9-768x321.png 768w, http:\/\/wisla.skoczow.pl\/wp-content\/uploads\/2026\/04\/obraz-9-128x54.png 128w, http:\/\/wisla.skoczow.pl\/wp-content\/uploads\/2026\/04\/obraz-9-32x13.png 32w\" sizes=\"auto, (max-width: 1302px) 100vw, 1302px\" \/><\/figure>\n\n\n\n<div class=\"wp-block-columns is-layout-flex wp-container-core-columns-is-layout-28f84493 wp-block-columns-is-layout-flex\">\n<div class=\"wp-block-column is-layout-flow wp-block-column-is-layout-flow\">\n<figure class=\"wp-block-image aligncenter size-full\"><img loading=\"lazy\" decoding=\"async\" width=\"806\" height=\"838\" src=\"https:\/\/wisla.skoczow.pl\/wp-content\/uploads\/2026\/04\/obraz-2.png\" alt=\"\" class=\"wp-image-63506\" srcset=\"http:\/\/wisla.skoczow.pl\/wp-content\/uploads\/2026\/04\/obraz-2.png 806w, http:\/\/wisla.skoczow.pl\/wp-content\/uploads\/2026\/04\/obraz-2-289x300.png 289w, http:\/\/wisla.skoczow.pl\/wp-content\/uploads\/2026\/04\/obraz-2-768x798.png 768w, http:\/\/wisla.skoczow.pl\/wp-content\/uploads\/2026\/04\/obraz-2-123x128.png 123w, http:\/\/wisla.skoczow.pl\/wp-content\/uploads\/2026\/04\/obraz-2-32x32.png 32w\" sizes=\"auto, (max-width: 806px) 100vw, 806px\" \/><\/figure>\n<\/div>\n<\/div>\n","protected":false},"excerpt":{"rendered":"<p>SEZON: 2025\/2026Trener: Sonia Gustowska&nbsp; &nbsp;&nbsp; SK\u0141AD I LIGA:1. BOGACKA Klaudia2. KARWOT Anna3. K\u0141\u00d3SKO Emilia4. KONIECZNY Karolina5. KOPIEC Patrycja 6. KOZIE\u0141 Wiktoria7. MR\u00d3Z Kinga8. PIENI\u0104CY Monika9. PONIKIEWSKA Anna10. RYGIEL Amelia11. SALAMON Weronika12. SKURZOK Nikola13. STANNA Karolina14. STARZYK Nikola15. WALECZEK Zuzanna<\/p>\n","protected":false},"author":1,"featured_media":0,"parent":0,"menu_order":0,"comment_status":"closed","ping_status":"closed","template":"","meta":{"ngg_post_thumbnail":0,"footnotes":""},"class_list":["post-13201","page","type-page","status-publish","hentry"],"featured_image_url":[],"post_author":"admin","assigned_categories":"","_links":{"self":[{"href":"http:\/\/wisla.skoczow.pl\/index.php?rest_route=\/wp\/v2\/pages\/13201","targetHints":{"allow":["GET"]}}],"collection":[{"href":"http:\/\/wisla.skoczow.pl\/index.php?rest_route=\/wp\/v2\/pages"}],"about":[{"href":"http:\/\/wisla.skoczow.pl\/index.php?rest_route=\/wp\/v2\/types\/page"}],"author":[{"embeddable":true,"href":"http:\/\/wisla.skoczow.pl\/index.php?rest_route=\/wp\/v2\/users\/1"}],"replies":[{"embeddable":true,"href":"http:\/\/wisla.skoczow.pl\/index.php?rest_route=%2Fwp%2Fv2%2Fcomments&post=13201"}],"version-history":[{"count":52,"href":"http:\/\/wisla.skoczow.pl\/index.php?rest_route=\/wp\/v2\/pages\/13201\/revisions"}],"predecessor-version":[{"id":63543,"href":"http:\/\/wisla.skoczow.pl\/index.php?rest_route=\/wp\/v2\/pages\/13201\/revisions\/63543"}],"wp:attachment":[{"href":"http:\/\/wisla.skoczow.pl\/index.php?rest_route=%2Fwp%2Fv2%2Fmedia&parent=13201"}],"curies":[{"name":"wp","href":"https:\/\/api.w.org\/{rel}","templated":true}]}}