{"id":13566,"date":"2023-12-18T20:48:26","date_gmt":"2023-12-18T19:48:26","guid":{"rendered":"http:\/\/wisla.skoczow.pl\/?page_id=13566"},"modified":"2025-02-16T18:53:41","modified_gmt":"2025-02-16T17:53:41","slug":"sklep-stroje","status":"publish","type":"page","link":"http:\/\/wisla.skoczow.pl\/?page_id=13566","title":{"rendered":"SKLEP STROJE"},"content":{"rendered":"\n<p class=\"has-black-color has-text-color has-lato-font-family has-normal-font-size\" style=\"line-height:1.1\">Zawodniczka zobowi\u0105zana jest do zakupu dw\u00f3ch komplet\u00f3w stroj\u00f3w meczowych, getr\u00f3w, koszulki treningowej, dresu oraz torby lub worka.<\/p>\n\n\n\n<p class=\"has-lato-font-family has-normal-font-size\" style=\"line-height:1.1\">Bardzo wa\u017cne, aby przed zam\u00f3wieniem kompletu meczowego dokona\u0107 wyboru napisu (ksywka\/nazwisko) oraz numer, <br>kt\u00f3ry wcze\u015bniej prosz\u0119 ustali\u0107 z trenerk\u0105 Klaudi\u0105, kt\u00f3ra prowadzi numeracj\u0119 dla wszystkich grup wiekowych.<\/p>\n\n\n\n<figure class=\"wp-block-image aligncenter size-large\"><a href=\"https:\/\/wisla.skoczow.pl\/wp-content\/uploads\/2024\/01\/OFERTA-6-1.png\"><img loading=\"lazy\" decoding=\"async\" width=\"724\" height=\"1024\" src=\"https:\/\/wisla.skoczow.pl\/wp-content\/uploads\/2024\/01\/OFERTA-6-1-724x1024.png\" alt=\"\" class=\"wp-image-37403\" srcset=\"http:\/\/wisla.skoczow.pl\/wp-content\/uploads\/2024\/01\/OFERTA-6-1-724x1024.png 724w, http:\/\/wisla.skoczow.pl\/wp-content\/uploads\/2024\/01\/OFERTA-6-1-212x300.png 212w, http:\/\/wisla.skoczow.pl\/wp-content\/uploads\/2024\/01\/OFERTA-6-1-768x1086.png 768w, http:\/\/wisla.skoczow.pl\/wp-content\/uploads\/2024\/01\/OFERTA-6-1-1086x1536.png 1086w, http:\/\/wisla.skoczow.pl\/wp-content\/uploads\/2024\/01\/OFERTA-6-1-1448x2048.png 1448w, http:\/\/wisla.skoczow.pl\/wp-content\/uploads\/2024\/01\/OFERTA-6-1-90x128.png 90w, http:\/\/wisla.skoczow.pl\/wp-content\/uploads\/2024\/01\/OFERTA-6-1-23x32.png 23w, http:\/\/wisla.skoczow.pl\/wp-content\/uploads\/2024\/01\/OFERTA-6-1-1200x1697.png 1200w\" sizes=\"auto, (max-width: 724px) 100vw, 724px\" \/><\/a><\/figure>\n\n\n\n<p class=\"has-text-align-center has-primary-color has-pale-cyan-blue-background-color has-text-color has-background has-link-color has-lato-font-family has-normal-font-size wp-elements-e5dcb659ae1b0a9a77fe6508f389e9bb\" style=\"line-height:1.1\"><strong>ZAMAWIANIE &#8211; FORMULARZ<\/strong><\/p>\n\n\n\n<p class=\"has-primary-color has-text-color has-link-color has-lato-font-family has-normal-font-size wp-elements-10593ce49feffe2c72d3d147ef30589c\" style=\"line-height:1.1\">Podczas dokonywania zam\u00f3wienia w formularzu, prosz\u0119 poda\u0107 numer, ksywk\u0119 oraz rozmiar (rozmiar\u00f3wka podana jest na dolne tej strony).<br>Poni\u017cej formularza znajduje si\u0119 rozmiar\u00f3wka.<br>Kwot\u0119 za wszystkie rzeczy nale\u017cy przela\u0107 na konto klubowe:<\/p>\n\n\n\n<h4 class=\"wp-block-heading has-lato-font-family has-normal-font-size\" style=\"line-height:1.1\"><strong>Konto: 85 8126 0007 0000 8019 2000 0020<\/strong><br><strong>\u2013 Bank Sp\u00f3\u0142dzielczy w Skoczowie<\/strong> <br>z dopiskiem &#8211; &#8222;imi\u0119 i nazwisko, stroje&#8221; &#8211; otrzymaj\u0105 Pa\u0144stwo stosowny e-mail po przes\u0142aniu formularza. <\/h4>\n\n\n\n<center><iframe loading=\"lazy\" src=\"https:\/\/docs.google.com\/forms\/d\/e\/1FAIpQLScynMIRrJy_BvjxaukGL08_czbU7HLFb_Kio4aEdGKwYv3lAA\/viewform?embedded=true\" width=\"640\" height=\"1030\" frameborder=\"0\" marginheight=\"0\" marginwidth=\"0\">\u0141aduj\u0119\u2026<\/iframe><\/center>\n\n\n\n<p class=\"has-text-align-center has-primary-color has-pale-cyan-blue-background-color has-text-color has-background has-link-color has-lato-font-family has-normal-font-size wp-elements-1f63f19c0e36a65572ddb60ebd70498a\" style=\"line-height:1.1\"><strong>ROZMIAR\u00d3WKA<\/strong>:<\/p>\n\n\n\n<div class=\"wp-block-columns is-layout-flex wp-container-core-columns-is-layout-28f84493 wp-block-columns-is-layout-flex\">\n<div class=\"wp-block-column is-layout-flow wp-block-column-is-layout-flow\">\n<figure class=\"wp-block-image size-full\"><a href=\"http:\/\/wisla.skoczow.pl\/wp-content\/uploads\/2023\/09\/rozmiary-1.jpg\"><img loading=\"lazy\" decoding=\"async\" width=\"607\" height=\"712\" src=\"http:\/\/wisla.skoczow.pl\/wp-content\/uploads\/2023\/09\/rozmiary-1.jpg\" alt=\"\" class=\"wp-image-12917\" srcset=\"http:\/\/wisla.skoczow.pl\/wp-content\/uploads\/2023\/09\/rozmiary-1.jpg 607w, http:\/\/wisla.skoczow.pl\/wp-content\/uploads\/2023\/09\/rozmiary-1-256x300.jpg 256w, http:\/\/wisla.skoczow.pl\/wp-content\/uploads\/2023\/09\/rozmiary-1-109x128.jpg 109w, http:\/\/wisla.skoczow.pl\/wp-content\/uploads\/2023\/09\/rozmiary-1-27x32.jpg 27w\" sizes=\"auto, (max-width: 607px) 100vw, 607px\" \/><\/a><\/figure>\n<\/div>\n\n\n\n<div class=\"wp-block-column is-layout-flow wp-block-column-is-layout-flow\">\n<figure class=\"wp-block-image size-full\"><a href=\"http:\/\/wisla.skoczow.pl\/wp-content\/uploads\/2023\/09\/rozmiary2.jpg\"><img loading=\"lazy\" decoding=\"async\" width=\"909\" height=\"147\" src=\"http:\/\/wisla.skoczow.pl\/wp-content\/uploads\/2023\/09\/rozmiary2.jpg\" alt=\"\" class=\"wp-image-12918\" srcset=\"http:\/\/wisla.skoczow.pl\/wp-content\/uploads\/2023\/09\/rozmiary2.jpg 909w, http:\/\/wisla.skoczow.pl\/wp-content\/uploads\/2023\/09\/rozmiary2-300x49.jpg 300w, http:\/\/wisla.skoczow.pl\/wp-content\/uploads\/2023\/09\/rozmiary2-768x124.jpg 768w, http:\/\/wisla.skoczow.pl\/wp-content\/uploads\/2023\/09\/rozmiary2-128x21.jpg 128w, http:\/\/wisla.skoczow.pl\/wp-content\/uploads\/2023\/09\/rozmiary2-32x5.jpg 32w\" sizes=\"auto, (max-width: 909px) 100vw, 909px\" \/><\/a><\/figure>\n<\/div>\n<\/div>\n","protected":false},"excerpt":{"rendered":"<p>Zawodniczka zobowi\u0105zana jest do zakupu dw\u00f3ch komplet\u00f3w stroj\u00f3w meczowych, getr\u00f3w, koszulki treningowej, dresu oraz torby lub worka. Bardzo wa\u017cne, aby przed zam\u00f3wieniem kompletu meczowego dokona\u0107 wyboru napisu (ksywka\/nazwisko) oraz numer, kt\u00f3ry wcze\u015bniej prosz\u0119 ustali\u0107 z trenerk\u0105 Klaudi\u0105, kt\u00f3ra prowadzi numeracj\u0119 dla wszystkich grup wiekowych. ZAMAWIANIE &#8211; FORMULARZ Podczas dokonywania zam\u00f3wienia w formularzu, prosz\u0119 poda\u0107 numer, [&hellip;]<\/p>\n","protected":false},"author":1,"featured_media":0,"parent":0,"menu_order":0,"comment_status":"closed","ping_status":"closed","template":"","meta":{"ngg_post_thumbnail":0,"footnotes":""},"class_list":["post-13566","page","type-page","status-publish","hentry"],"featured_image_url":[],"post_author":"admin","assigned_categories":"","_links":{"self":[{"href":"http:\/\/wisla.skoczow.pl\/index.php?rest_route=\/wp\/v2\/pages\/13566","targetHints":{"allow":["GET"]}}],"collection":[{"href":"http:\/\/wisla.skoczow.pl\/index.php?rest_route=\/wp\/v2\/pages"}],"about":[{"href":"http:\/\/wisla.skoczow.pl\/index.php?rest_route=\/wp\/v2\/types\/page"}],"author":[{"embeddable":true,"href":"http:\/\/wisla.skoczow.pl\/index.php?rest_route=\/wp\/v2\/users\/1"}],"replies":[{"embeddable":true,"href":"http:\/\/wisla.skoczow.pl\/index.php?rest_route=%2Fwp%2Fv2%2Fcomments&post=13566"}],"version-history":[{"count":23,"href":"http:\/\/wisla.skoczow.pl\/index.php?rest_route=\/wp\/v2\/pages\/13566\/revisions"}],"predecessor-version":[{"id":56269,"href":"http:\/\/wisla.skoczow.pl\/index.php?rest_route=\/wp\/v2\/pages\/13566\/revisions\/56269"}],"wp:attachment":[{"href":"http:\/\/wisla.skoczow.pl\/index.php?rest_route=%2Fwp%2Fv2%2Fmedia&parent=13566"}],"curies":[{"name":"wp","href":"https:\/\/api.w.org\/{rel}","templated":true}]}}