{"id":1969,"date":"2016-11-07T19:21:54","date_gmt":"2016-11-07T18:21:54","guid":{"rendered":"http:\/\/wisla.skoczow.pl\/?page_id=1969"},"modified":"2025-02-16T18:34:30","modified_gmt":"2025-02-16T17:34:30","slug":"dekalog-rodzica-pilkarki","status":"publish","type":"page","link":"http:\/\/wisla.skoczow.pl\/?page_id=1969","title":{"rendered":"Nasze zasady"},"content":{"rendered":"\n<p class=\"has-vivid-red-color has-text-color has-link-color has-teko-font-family has-extra-large-font-size wp-elements-ac7e0e2f378454721b53e5d9bbb67028\" style=\"line-height:1\"><em><strong><span style=\"color:#cf2e2e\" class=\"tadv-color\">RODZICU OBEJRZYJ I ZASTAN\u00d3W SI\u0118!<\/span><\/strong><\/em><\/p>\n\n\n\n<div class=\"wp-block-columns is-layout-flex wp-container-core-columns-is-layout-28f84493 wp-block-columns-is-layout-flex\">\n<div class=\"wp-block-column is-layout-flow wp-block-column-is-layout-flow\">\n<iframe loading=\"lazy\" src=\"https:\/\/www.youtube.com\/embed\/vbQiSh1yiBQ\" title=\"YouTube video player\" allow=\"accelerometer; autoplay; clipboard-write; encrypted-media; gyroscope; picture-in-picture\" allowfullscreen=\"\" width=\"560\" height=\"315\" frameborder=\"0\"><\/iframe>\n<\/div>\n\n\n\n<div class=\"wp-block-column is-layout-flow wp-block-column-is-layout-flow\">\n<iframe loading=\"lazy\" src=\"https:\/\/www.youtube.com\/embed\/0Gj9SC75edk\" title=\"YouTube video player\" allow=\"accelerometer; autoplay; clipboard-write; encrypted-media; gyroscope; picture-in-picture\" allowfullscreen=\"\" width=\"560\" height=\"315\" frameborder=\"0\"><\/iframe>\n<\/div>\n<\/div>\n\n\n\n<h3 class=\"wp-block-heading has-text-align-center has-accent-color has-text-color has-link-color has-teko-font-family has-extra-large-font-size wp-elements-bf396d2e381d38cd13bf4bc64322e22e\" style=\"line-height:1\"><em><strong>10 PRZYKAZA\u0143 RODZICA<\/strong><\/em><\/h3>\n\n\n\n<ol class=\"wp-block-list\">\n<li class=\"has-primary-color has-text-color has-link-color has-lato-font-family has-normal-font-size wp-elements-6dc613e9cec674163b3ee9a0a1632d9e\" style=\"line-height:1.1\"><strong>Nie pr\u00f3buj zrealizowa\u0107 swoich zawiedzionych i cz\u0119sto wyg\u00f3rowanych ambicji poprzez swoje dziecko.<\/strong><\/li>\n\n\n\n<li class=\"has-primary-color has-text-color has-link-color has-lato-font-family has-normal-font-size wp-elements-6573b99b7e36a4fb32ca564674931a08\" style=\"line-height:1.1\"><strong>Zesp\u00f3\u0142 ma tylko jednego trenera, kt\u00f3ry za ni\u0105 odpowiada.<br>Nie wywieraj na trenerze nacisku, pr\u00f3buj\u0105c wprowadzi\u0107 swoje wizje przysz\u0142ej kariery sportowej swojej pociechy.<\/strong><\/li>\n\n\n\n<li class=\"has-primary-color has-text-color has-link-color has-lato-font-family has-normal-font-size wp-elements-a53a851276bcf72f74726fb1a8cafbec\" style=\"line-height:1.1\"><strong>Nie jeste\u015b mened\u017cerem Chelsea Londyn czy FC Barcelona, a Twoja c\u00f3rka nie jest profesjonaln\u0105 pi\u0142kark\u0105.<br>Nie krzycz i nie skacz przy linii autowej, Twoje dziecko tego nie potrzebuje &#8211; wystarczy \u017ce trener skacze i krzyczy :).<\/strong><\/li>\n\n\n\n<li class=\"has-primary-color has-text-color has-link-color has-lato-font-family has-normal-font-size wp-elements-ccee94ee689b08b05da7fd02985e3681\" style=\"line-height:1.1\"><strong>Powodem, dla kt\u00f3rego Twoja c\u00f3rka gra w pi\u0142k\u0119 no\u017cn\u0105 jest zabawa.<br>Nie wywieraj presji na swoje dziecko.<\/strong><\/li>\n\n\n\n<li class=\"has-primary-color has-text-color has-link-color has-lato-font-family has-normal-font-size wp-elements-32793b497fe4773fded991ca3305ac80\" style=\"line-height:1.1\"><strong>Rol\u0105 rodzica w edukacji sportowej jest POMOC dziecku poprzez zach\u0119t\u0119, cierpliwo\u015b\u0107, zrozumienie, zaufanie,<br>pochwa\u0142y, oklaski, s\u0142uchanie i wykazywanie zainteresowania.<\/strong><\/li>\n\n\n\n<li class=\"has-primary-color has-text-color has-link-color has-lato-font-family has-normal-font-size wp-elements-3b434384f9bdcb3c756176f815dcdccf\" style=\"line-height:1.1\"><strong>Nie wystarczy, \u017ce powiesz kilka s\u0142\u00f3w po meczu. Rozmawiaj z dzieckiem r\u00f3wnie\u017c przed nim.<br>Przed meczem nigdy nie m\u00f3w &#8222;strzel gola&#8221; czy &#8222;musisz wygra\u0107&#8221;.<br>Zamiast tego powiedz np. &#8222;zagraj najlepiej jak potrafisz i baw si\u0119 przy tym dobrze&#8221;.<\/strong><\/li>\n\n\n\n<li class=\"has-primary-color has-text-color has-link-color has-lato-font-family has-normal-font-size wp-elements-bfbeec3c17a076fb0c2c01839f968e6b\" style=\"line-height:1.1\"><strong>Nigdy nie zawstydzaj i nie wprawiaj w zak\u0142opotanie swojej c\u00f3rki z powodu wyst\u0119pu,<br>zdolno\u015bci lub rezultatu meczu, w kt\u00f3rym uczestniczy\u0142a.<\/strong><\/li>\n\n\n\n<li class=\"has-primary-color has-text-color has-link-color has-lato-font-family has-normal-font-size wp-elements-6bd0d0bcd09e07afa54070cac4dfc452\" style=\"line-height:1.1\"><strong>Je\u015bli jeste\u015b rodzicem, kt\u00f3ry krzyczy na swoje dziecko, bez przerwy podpowiada co ma zrobi\u0107, skacze przy linii bocznej,<br>nerwowo si\u0119 zachowuje, dyskutuje z s\u0119dzi\u0105, trenerem, ma jakie\u015b zarzuty do zawodniczek, nie oznacza to, \u017ce jeste\u015b z\u0142ym rodzicem, poniewa\u017c chcesz aby Twoja pociecha odnosi\u0142a sukcesy.<br>Ale Pami\u0119taj!!! Tym samym w niczym jej nie pomagasz, Tworzysz tylko sytuacj\u0119 nerwowo\u015bci, kt\u00f3ra przynosi si\u0119 na dziecko.<\/strong><\/li>\n\n\n\n<li class=\"has-primary-color has-text-color has-link-color has-lato-font-family has-normal-font-size wp-elements-6ff0d1fc579568726da5b24549e37791\" style=\"line-height:1.1\"><strong>Nie stresuj dziecka, b\u0105d\u017a mniej krytyczny. Twoja c\u00f3rka potrzebuje twojego wsparcia, zaufania i wiary.<br>Bez \u017cadnych zb\u0119dnych oczekiwa\u0144 b\u0119dzie bardziej zrelaksowana.<\/strong><\/li>\n\n\n\n<li class=\"has-primary-color has-text-color has-link-color has-lato-font-family has-normal-font-size wp-elements-6b72a36f70da25fc0f1573b80e8d7036\" style=\"line-height:1.1\"><strong>Nie zabieraj rado\u015bci swojemu dziecku i nie kreuj jej na si\u0142\u0119 na mistrzynie, by na skutek przeci\u0105\u017ce\u0144 fizycznych<br>przedwcze\u015bnie si\u0119 nie &#8222;WYPALI\u0141A&#8221;.<\/strong><\/li>\n<\/ol>\n","protected":false},"excerpt":{"rendered":"<p>RODZICU OBEJRZYJ I ZASTAN\u00d3W SI\u0118! 10 PRZYKAZA\u0143 RODZICA<\/p>\n","protected":false},"author":1,"featured_media":0,"parent":0,"menu_order":0,"comment_status":"closed","ping_status":"open","template":"","meta":{"ngg_post_thumbnail":0,"footnotes":""},"class_list":["post-1969","page","type-page","status-publish","hentry"],"featured_image_url":[],"post_author":"admin","assigned_categories":"","_links":{"self":[{"href":"http:\/\/wisla.skoczow.pl\/index.php?rest_route=\/wp\/v2\/pages\/1969","targetHints":{"allow":["GET"]}}],"collection":[{"href":"http:\/\/wisla.skoczow.pl\/index.php?rest_route=\/wp\/v2\/pages"}],"about":[{"href":"http:\/\/wisla.skoczow.pl\/index.php?rest_route=\/wp\/v2\/types\/page"}],"author":[{"embeddable":true,"href":"http:\/\/wisla.skoczow.pl\/index.php?rest_route=\/wp\/v2\/users\/1"}],"replies":[{"embeddable":true,"href":"http:\/\/wisla.skoczow.pl\/index.php?rest_route=%2Fwp%2Fv2%2Fcomments&post=1969"}],"version-history":[{"count":20,"href":"http:\/\/wisla.skoczow.pl\/index.php?rest_route=\/wp\/v2\/pages\/1969\/revisions"}],"predecessor-version":[{"id":56258,"href":"http:\/\/wisla.skoczow.pl\/index.php?rest_route=\/wp\/v2\/pages\/1969\/revisions\/56258"}],"wp:attachment":[{"href":"http:\/\/wisla.skoczow.pl\/index.php?rest_route=%2Fwp%2Fv2%2Fmedia&parent=1969"}],"curies":[{"name":"wp","href":"https:\/\/api.w.org\/{rel}","templated":true}]}}