{"id":213,"date":"2015-02-07T15:19:09","date_gmt":"2015-02-07T14:19:09","guid":{"rendered":"http:\/\/localhost\/wp\/?page_id=213"},"modified":"2024-08-31T11:57:18","modified_gmt":"2024-08-31T10:57:18","slug":"nabor-do-klubu","status":"publish","type":"page","link":"http:\/\/wisla.skoczow.pl\/?page_id=213","title":{"rendered":"Chcesz gra\u0107 w Klubie?"},"content":{"rendered":"<div class=\"\" style=\"\" >\n    \n    <section class=\"u-clearfix u-section-2\" id=\"sec-9d03\">\n      <div class=\"u-clearfix u-sheet u-sheet-1\">\n        <h2 class=\"u-align-center u-text u-text-1\"> Chcesz zosta\u0107 pi\u0142kark\u0105 KKS \"Wis\u0142a\" Skocz\u00f3w,<br>ale nie wiesz, od czego zacz\u0105\u0107?\n        <\/h2>\n        <div class=\"u-clearfix u-expanded-width u-layout-wrap u-layout-wrap-1\">\n          <div class=\"u-layout\" style=\"\">\n            <div class=\"u-layout-col\" style=\"\">\n              <div class=\"u-size-30\" style=\"\">\n                <div class=\"u-layout-row\" style=\"\">\n                  <div class=\"u-container-style u-layout-cell u-size-30 u-layout-cell-1\">\n                    <div class=\"u-container-layout u-valign-top u-container-layout-1\">\n                      <h4 class=\"u-text u-text-default u-text-2\">\n                        <span style=\"font-weight: 700;\" class=\"u-text-palette-2-base\"> Od jakiego wieku mo\u017cna zacz\u0105\u0107 przygod\u0119 w naszym klubie?<\/span>\n                        <br>\n                        <br>Zaj\u0119cia dla najm\u0142odszych prowadzimy ju\u017c od 5 roku \u017cycia&nbsp;<br>w formie pi\u0142karskiego przedszkola.<br>\n                        <br>\n                        <span style=\"font-weight: 700;\" class=\"u-text-palette-2-base\">Jak mog\u0119 zapisa\u0107 dziecko do KKS \"Wis\u0142a\" Skocz\u00f3w?<\/span>\n                        <br>\n                        <br>Mo\u017cna przyj\u015b\u0107 osobi\u015bcie na trening w wyznaczone miejsce, kt\u00f3re prowadzimy treningi lub zadzwoni\u0107, skontaktowa\u0107 si\u0119&nbsp;<br>z trener koordynator.&nbsp;<br>\n                        <br>Po pierwszym treningu podejmiemy dzia\u0142ania zwi\u0105zane&nbsp;<br>z zapisem do klubu. Dokumenty potrzebne do zg\u0142oszenia (Strefa rodzica -&gt; dokumenty do pobrania):<br>\n                        <br>\n                        <span style=\"font-weight: 700;\">1. Deklaracja cz\u0142onkowska<br>2. O\u015bwiadczenie - udzia\u0142 w zaj\u0119ciach<br>\n                          <span style=\"font-weight: 400;\"> Zapoznanie si\u0119 z poni\u017cszymi dokumentami:<\/span>\n                          <br>\n                        <\/span>1. Regulamin KKS \"Wis\u0142a\" Skocz\u00f3w (do zapoznania si\u0119)<br>2. Polityka Bezpiecze\u0144stwa Dzieci (do zapoznania si\u0119)<br>3. Standardy ochrony dzieci w KKS Wis\u0142a Skocz\u00f3w (do zapoznania si\u0119)<br>\n                        <br>Kolejne kroki przedstawi trener prowadz\u0105cy zaj\u0119cia.<br>\n                      <\/h4>\n                    <\/div>\n                  <\/div>\n                  <div class=\"u-container-style u-layout-cell u-size-30 u-layout-cell-2\">\n                    <div class=\"u-container-layout u-container-layout-2\">\n                      <div class=\"u-clearfix u-custom-html u-custom-html-1\">\n                        <center>\n                          <p><b>\n                              <span style=\"color: red;\">Ju\u017c dzi\u015b do\u0142\u0105cz do naszego Klubu!<\/span><\/b>\n                          <\/p>\n                          <p>\n                            <iframe loading=\"lazy\" title=\"YouTube video player\" src=\"https:\/\/www.youtube.com\/embed\/Amqg-EBsl8Y\" allowfullscreen=\"allowfullscreen\" width=\"560\" height=\"315\" frameborder=\"0\"><\/iframe>\n                          <\/p>\n                        <\/center>\n                      <\/div>\n                    <\/div>\n                  <\/div>\n                <\/div>\n              <\/div>\n              <div class=\"u-size-30\" style=\"\">\n                <div class=\"u-layout-row\" style=\"\">\n                  <div class=\"u-container-style u-layout-cell u-size-30 u-layout-cell-3\">\n                    <div class=\"u-container-layout u-container-layout-3\">\n                      <h4 class=\"u-text u-text-3\">\n                        <span style=\"font-weight: 700;\" class=\"u-text-palette-2-base\"> Do kiedy prowadzony jest nab\u00f3r?<\/span>\n                        <br>\n                        <br>Tak naprawd\u0119 nikomu nie zamykamy drzwi i ka\u017cdy ma szans\u0119 - nab\u00f3r jest ci\u0105g\u0142y. Wystarczy pojawi\u0107 si\u0119 na zaj\u0119ciach.<br>\n                        <br>\n                        <span style=\"font-weight: 700;\">Sezon 2024\/25:<\/span>\n                        <br>\n                        <span style=\"font-weight: 700;\">\n                          <span class=\"u-text-custom-color-7\">PI\u0141KARSKIE PRZEDSZKOLE (U7) roczniki 2018\/2019<\/span>\n                          <br>\n                          <span class=\"u-text-custom-color-9\">AKADEMIA PI\u0141KARSKA (U10): roczniki 2015\/2016\/2017<\/span>\n                          <br>\n                          <span class=\"u-text-custom-color-10\">M\u0141ODZICZKI (U13): roczniki 2012\/2013\/2014<\/span>\n                          <br>\n                          <span class=\"u-text-palette-3-base\">JUNIORKI M\u0141ODSZE (U16): roczniki 2009\/2010\/2011<\/span>\n                          <br>\n                          <span class=\"u-text-palette-4-base\">JUNIORKI STARSZE (U18): roczniki 2006\/2007\/2008<\/span>\n                        <\/span>\n                        <span style=\"font-weight: 700;\">\n                          <br>\n                          <span style=\"font-weight: 700;\" class=\"u-text-palette-1-base\">FUTSAL: 2009 i starsze<\/span>\n                        <\/span>\n                      <\/h4>\n                    <\/div>\n                  <\/div>\n                  <div class=\"u-align-justify u-container-style u-layout-cell u-size-30 u-layout-cell-4\">\n                    <div class=\"u-container-layout u-container-layout-4\">\n                      <h4 class=\"u-text u-text-default u-text-4\">\n                        <span style=\"font-weight: 700;\" class=\"u-text-palette-2-base\">\n                          <br>Czym si\u0119 wyr\u00f3\u017cniamy?\n                        <\/span>\n                        <br>\n                        <br>Pracujemy wed\u0142ug autorskiego programu szkolenia. Nasza filozofia klubu jest realizowana podczas trening\u00f3w, gdzie dbamy o rozw\u00f3j naszych zawodniczek. W klubie\/zespole panuje mi\u0142a atmosfera. Trenerzy s\u0105 wykwalifikowani, legitymuj\u0105 si\u0119 licencj\u0105 UEFA A oraz UEFA B. W naszym sztabie pracuje r\u00f3wnie\u017c psycholog sportowy jak&nbsp;i fizjoterapeuta. Uczestniczmy regularnie w rozgrywkach PZPN (\u015al\u0105ska Liga M\u0142odziczek, \u015al\u0105ska Liga Juniorek M\u0142odszych, M\u0142odzie\u017cowe Mistrzostwa Polski w futsalu, IV liga kobiet, I liga PLF futsalu kobiet, Puchar Polski na trawie i hali). Wyje\u017cd\u017camy r\u00f3wnie\u017c na turnieje krajowe i zagraniczne. Latem i zim\u0105 organizujemy dla naszych zawodniczek pi\u0142karski ob\u00f3z szkoleniowy, kt\u00f3ry jest dofinansowany przez Klub. Zaj\u0119cia s\u0105 bezp\u0142atne, a jedyny koszt to miesi\u0119czna sk\u0142adka cz\u0142onkowska, ubezpieczenie zdrowotne czy wybrany sprz\u0119t sportowy. \n                      <\/h4>\n                    <\/div>\n                  <\/div>\n                <\/div>\n              <\/div>\n            <\/div>\n          <\/div>\n        <\/div>\n        <div class=\"u-clearfix u-expanded-width u-layout-wrap u-layout-wrap-2\">\n          <div class=\"u-layout\">\n            <div class=\"u-layout-row\">\n              <div class=\"u-align-justify u-container-style u-layout-cell u-size-30 u-layout-cell-5\">\n                <div class=\"u-container-layout u-container-layout-5\">\n                  <h4 class=\"u-text u-text-default u-text-5\"> KKS \u201cWis\u0142a\u201d Skocz\u00f3w mo\u017ce by\u0107 kluczem otwieraj\u0105cym drzwi do kariery sportowej. Zawodniczkom ze Skoczowa, powiatu cieszy\u0144skiego i okolic trenuj\u0105cych u nas, daje szans\u0119 na awans do ekstraligowego klubu KKS Czarni Sosnowiec, kt\u00f3ry jest oficjalnym partnerem. Zapraszamy wszystkie ch\u0119tne dziewcz\u0119ta!<br>\n                    <span style=\"font-weight: 700;\">\n                      <br>\n                      <span class=\"u-text-custom-color-10\">KKS WIS\u0141A SKOCZ\u00d3W, TO TU ZACZYNA SI\u0118 TWOJA PI\u0141KARSKA KARIERA!&nbsp;&nbsp;<\/span>\n                    <\/span>\n                    <br>\n                    <br>\n                    <span style=\"font-weight: 700;\">\n                      <br>Nasza baza treningowa -&gt; <a href=\"http:\/\/wisla.skoczow.pl\/?page_id=73\" class=\"u-active-none u-border-none u-btn u-button-style u-hover-none u-none u-text-palette-1-base u-btn-1\">boiska i hale<\/a>\n                    <\/span>\n                    <br>\n                    <br>\n                    <span style=\"font-weight: 700;\">Drogi rodzicu - przysz\u0142a zawodniczko!<\/span>\n                    <br>\n                    <br>\n                    <span style=\"font-weight: 700;\">Zapraszamy w nasze szeregi, wi\u0119cej informacji&nbsp;<br>-&gt; STREFA RODZICA\n                    <\/span>\n                    <br>\n                    <br>\n                  <\/h4>\n                <\/div>\n              <\/div>\n              <div class=\"u-container-style u-layout-cell u-size-30 u-layout-cell-6\">\n                <div class=\"u-container-layout u-container-layout-6\">\n                  <img decoding=\"async\" class=\"u-image u-image-contain u-image-default u-image-1\" src=\"http:\/\/wisla.skoczow.pl\/wp-content\/uploads\/2024\/02\/czarni.png\" alt=\"\" data-image-width=\"600\" data-image-height=\"413\">\n                  <h4 class=\"u-text u-text-6\">\n                    <br> Sprawd\u017a terminy -&gt;&nbsp;&nbsp;<a href=\"?page_id=82\" target=\"_top\" rel=\"noopener\" class=\"u-active-none u-border-none u-btn u-button-style u-hover-none u-none u-text-palette-1-base u-btn-2\">treningi!<\/a>&nbsp;&lt;- kliknij!<br>\n                    <br>\n                    <br>KONTAKT: Trener koordynator Sonia Gustowska,&nbsp;<br>tel. 794 749 522 \/ e-mail: trenersonia@gmail.com\n                  <\/h4>\n                <\/div>\n              <\/div>\n            <\/div>\n          <\/div>\n        <\/div>\n      <\/div>\n    <\/section>\n    <section class=\"u-clearfix u-section-3\" id=\"sec-45a6\">\n      <div class=\"u-clearfix u-sheet u-sheet-1\"><\/div>\n    <\/section>\n    \n    \n    \n  \n<\/div>","protected":false},"excerpt":{"rendered":"<p>Chcesz zosta\u0107 pi\u0142kark\u0105 KKS &#8222;Wis\u0142a&#8221; Skocz\u00f3w,ale nie wiesz, od czego zacz\u0105\u0107? Od jakiego wieku mo\u017cna zacz\u0105\u0107 przygod\u0119 w naszym klubie? Zaj\u0119cia dla najm\u0142odszych prowadzimy ju\u017c od 5 roku \u017cycia&nbsp;w formie pi\u0142karskiego przedszkola. Jak mog\u0119 zapisa\u0107 dziecko do KKS &#8222;Wis\u0142a&#8221; Skocz\u00f3w? Mo\u017cna przyj\u015b\u0107 osobi\u015bcie na trening w wyznaczone miejsce, kt\u00f3re prowadzimy treningi lub zadzwoni\u0107, skontaktowa\u0107 si\u0119&nbsp;z [&hellip;]<\/p>\n","protected":false},"author":1,"featured_media":0,"parent":0,"menu_order":0,"comment_status":"closed","ping_status":"closed","template":"","meta":{"ngg_post_thumbnail":0,"footnotes":""},"class_list":["post-213","page","type-page","status-publish","hentry"],"featured_image_url":[],"post_author":"admin","assigned_categories":"","_links":{"self":[{"href":"http:\/\/wisla.skoczow.pl\/index.php?rest_route=\/wp\/v2\/pages\/213","targetHints":{"allow":["GET"]}}],"collection":[{"href":"http:\/\/wisla.skoczow.pl\/index.php?rest_route=\/wp\/v2\/pages"}],"about":[{"href":"http:\/\/wisla.skoczow.pl\/index.php?rest_route=\/wp\/v2\/types\/page"}],"author":[{"embeddable":true,"href":"http:\/\/wisla.skoczow.pl\/index.php?rest_route=\/wp\/v2\/users\/1"}],"replies":[{"embeddable":true,"href":"http:\/\/wisla.skoczow.pl\/index.php?rest_route=%2Fwp%2Fv2%2Fcomments&post=213"}],"version-history":[{"count":283,"href":"http:\/\/wisla.skoczow.pl\/index.php?rest_route=\/wp\/v2\/pages\/213\/revisions"}],"predecessor-version":[{"id":52839,"href":"http:\/\/wisla.skoczow.pl\/index.php?rest_route=\/wp\/v2\/pages\/213\/revisions\/52839"}],"wp:attachment":[{"href":"http:\/\/wisla.skoczow.pl\/index.php?rest_route=%2Fwp%2Fv2%2Fmedia&parent=213"}],"curies":[{"name":"wp","href":"https:\/\/api.w.org\/{rel}","templated":true}]}}