{"id":3071,"date":"2017-10-12T12:18:32","date_gmt":"2017-10-12T11:18:32","guid":{"rendered":"http:\/\/wisla.skoczow.pl\/?page_id=3071"},"modified":"2026-04-19T20:00:57","modified_gmt":"2026-04-19T19:00:57","slug":"juniorki-ml-kadra-u16","status":"publish","type":"page","link":"http:\/\/wisla.skoczow.pl\/?page_id=3071","title":{"rendered":"Juniorki M\u0142odsze U16 &#8211; \u015aL\u0104SKA LIGA JUNIOREK M\u0141ODSZYCH"},"content":{"rendered":"\n<figure class=\"wp-block-image aligncenter size-large\"><img loading=\"lazy\" decoding=\"async\" width=\"1024\" height=\"683\" src=\"https:\/\/wisla.skoczow.pl\/wp-content\/uploads\/2025\/12\/U16_U18-1024x683.jpg\" alt=\"\" class=\"wp-image-62676\" style=\"aspect-ratio:1.499227273188231\" srcset=\"http:\/\/wisla.skoczow.pl\/wp-content\/uploads\/2025\/12\/U16_U18-1024x683.jpg 1024w, http:\/\/wisla.skoczow.pl\/wp-content\/uploads\/2025\/12\/U16_U18-300x200.jpg 300w, http:\/\/wisla.skoczow.pl\/wp-content\/uploads\/2025\/12\/U16_U18-768x512.jpg 768w, http:\/\/wisla.skoczow.pl\/wp-content\/uploads\/2025\/12\/U16_U18-1536x1024.jpg 1536w, http:\/\/wisla.skoczow.pl\/wp-content\/uploads\/2025\/12\/U16_U18-2048x1365.jpg 2048w, http:\/\/wisla.skoczow.pl\/wp-content\/uploads\/2025\/12\/U16_U18-128x85.jpg 128w, http:\/\/wisla.skoczow.pl\/wp-content\/uploads\/2025\/12\/U16_U18-32x21.jpg 32w\" sizes=\"auto, (max-width: 1024px) 100vw, 1024px\" \/><\/figure>\n\n\n\n<div class=\"wp-block-columns is-layout-flex wp-container-core-columns-is-layout-28f84493 wp-block-columns-is-layout-flex\">\n<div class=\"wp-block-column is-layout-flow wp-block-column-is-layout-flow\">\n<p class=\"has-text-align-center\"><strong>SEZON: 2025\/2026  Rocznik: 2010\/2011\/2012 + U18  Trener: Klaudia Bogacka<\/strong><\/p>\n<\/div>\n<\/div>\n\n\n\n<figure class=\"wp-block-image aligncenter size-full\"><img loading=\"lazy\" decoding=\"async\" width=\"1291\" height=\"717\" src=\"http:\/\/wisla.skoczow.pl\/wp-content\/uploads\/2026\/04\/obraz-15.png\" alt=\"\" class=\"wp-image-63644\" srcset=\"http:\/\/wisla.skoczow.pl\/wp-content\/uploads\/2026\/04\/obraz-15.png 1291w, http:\/\/wisla.skoczow.pl\/wp-content\/uploads\/2026\/04\/obraz-15-300x167.png 300w, http:\/\/wisla.skoczow.pl\/wp-content\/uploads\/2026\/04\/obraz-15-1024x569.png 1024w, http:\/\/wisla.skoczow.pl\/wp-content\/uploads\/2026\/04\/obraz-15-768x427.png 768w, http:\/\/wisla.skoczow.pl\/wp-content\/uploads\/2026\/04\/obraz-15-128x71.png 128w, http:\/\/wisla.skoczow.pl\/wp-content\/uploads\/2026\/04\/obraz-15-32x18.png 32w\" sizes=\"auto, (max-width: 1291px) 100vw, 1291px\" \/><\/figure>\n\n\n\n<div class=\"wp-block-columns is-layout-flex wp-container-core-columns-is-layout-28f84493 wp-block-columns-is-layout-flex\">\n<div class=\"wp-block-column is-layout-flow wp-block-column-is-layout-flow\">\n<div class=\"wp-block-columns is-layout-flex wp-container-core-columns-is-layout-28f84493 wp-block-columns-is-layout-flex\">\n<div class=\"wp-block-column is-layout-flow wp-block-column-is-layout-flow\">\n<figure class=\"wp-block-image aligncenter size-full\"><img loading=\"lazy\" decoding=\"async\" width=\"793\" height=\"706\" src=\"http:\/\/wisla.skoczow.pl\/wp-content\/uploads\/2026\/04\/obraz-13.png\" alt=\"\" class=\"wp-image-63641\" srcset=\"http:\/\/wisla.skoczow.pl\/wp-content\/uploads\/2026\/04\/obraz-13.png 793w, http:\/\/wisla.skoczow.pl\/wp-content\/uploads\/2026\/04\/obraz-13-300x267.png 300w, http:\/\/wisla.skoczow.pl\/wp-content\/uploads\/2026\/04\/obraz-13-768x684.png 768w, http:\/\/wisla.skoczow.pl\/wp-content\/uploads\/2026\/04\/obraz-13-128x114.png 128w, http:\/\/wisla.skoczow.pl\/wp-content\/uploads\/2026\/04\/obraz-13-32x28.png 32w\" sizes=\"auto, (max-width: 793px) 100vw, 793px\" \/><\/figure>\n<\/div>\n\n\n\n<div class=\"wp-block-column is-layout-flow wp-block-column-is-layout-flow\">\n<figure class=\"wp-block-image aligncenter size-full\"><img loading=\"lazy\" decoding=\"async\" width=\"805\" height=\"432\" src=\"http:\/\/wisla.skoczow.pl\/wp-content\/uploads\/2026\/04\/obraz-16.png\" alt=\"\" class=\"wp-image-63647\" srcset=\"http:\/\/wisla.skoczow.pl\/wp-content\/uploads\/2026\/04\/obraz-16.png 805w, http:\/\/wisla.skoczow.pl\/wp-content\/uploads\/2026\/04\/obraz-16-300x161.png 300w, http:\/\/wisla.skoczow.pl\/wp-content\/uploads\/2026\/04\/obraz-16-768x412.png 768w, http:\/\/wisla.skoczow.pl\/wp-content\/uploads\/2026\/04\/obraz-16-128x69.png 128w, http:\/\/wisla.skoczow.pl\/wp-content\/uploads\/2026\/04\/obraz-16-32x17.png 32w\" sizes=\"auto, (max-width: 805px) 100vw, 805px\" \/><\/figure>\n<\/div>\n<\/div>\n<\/div>\n<\/div>\n","protected":false},"excerpt":{"rendered":"<p>SEZON: 2025\/2026 Rocznik: 2010\/2011\/2012 + U18 Trener: Klaudia Bogacka<\/p>\n","protected":false},"author":1,"featured_media":0,"parent":0,"menu_order":0,"comment_status":"closed","ping_status":"closed","template":"","meta":{"ngg_post_thumbnail":0,"footnotes":""},"class_list":["post-3071","page","type-page","status-publish","hentry"],"featured_image_url":[],"post_author":"admin","assigned_categories":"","_links":{"self":[{"href":"http:\/\/wisla.skoczow.pl\/index.php?rest_route=\/wp\/v2\/pages\/3071","targetHints":{"allow":["GET"]}}],"collection":[{"href":"http:\/\/wisla.skoczow.pl\/index.php?rest_route=\/wp\/v2\/pages"}],"about":[{"href":"http:\/\/wisla.skoczow.pl\/index.php?rest_route=\/wp\/v2\/types\/page"}],"author":[{"embeddable":true,"href":"http:\/\/wisla.skoczow.pl\/index.php?rest_route=\/wp\/v2\/users\/1"}],"replies":[{"embeddable":true,"href":"http:\/\/wisla.skoczow.pl\/index.php?rest_route=%2Fwp%2Fv2%2Fcomments&post=3071"}],"version-history":[{"count":95,"href":"http:\/\/wisla.skoczow.pl\/index.php?rest_route=\/wp\/v2\/pages\/3071\/revisions"}],"predecessor-version":[{"id":63648,"href":"http:\/\/wisla.skoczow.pl\/index.php?rest_route=\/wp\/v2\/pages\/3071\/revisions\/63648"}],"wp:attachment":[{"href":"http:\/\/wisla.skoczow.pl\/index.php?rest_route=%2Fwp%2Fv2%2Fmedia&parent=3071"}],"curies":[{"name":"wp","href":"https:\/\/api.w.org\/{rel}","templated":true}]}}