{"id":33,"date":"2014-11-29T19:51:57","date_gmt":"2014-11-29T18:51:57","guid":{"rendered":"http:\/\/localhost\/wp\/?page_id=33"},"modified":"2026-04-19T20:01:18","modified_gmt":"2026-04-19T19:01:18","slug":"kadra-u13","status":"publish","type":"page","link":"http:\/\/wisla.skoczow.pl\/?page_id=33","title":{"rendered":"M\u0141ODZICZKI U13 &#8211; \u015aL\u0104SKA LIGA M\u0141ODZICZEK"},"content":{"rendered":"\n<div class=\"wp-block-columns is-layout-flex wp-container-core-columns-is-layout-28f84493 wp-block-columns-is-layout-flex\">\n<div class=\"wp-block-column is-layout-flow wp-block-column-is-layout-flow\">\n<figure class=\"wp-block-image aligncenter size-large\"><a href=\"https:\/\/wisla.skoczow.pl\/wp-content\/uploads\/2025\/12\/U13-scaled.jpg\"><img loading=\"lazy\" decoding=\"async\" width=\"1024\" height=\"683\" src=\"https:\/\/wisla.skoczow.pl\/wp-content\/uploads\/2025\/12\/U13-1024x683.jpg\" alt=\"\" class=\"wp-image-62679\" srcset=\"http:\/\/wisla.skoczow.pl\/wp-content\/uploads\/2025\/12\/U13-1024x683.jpg 1024w, http:\/\/wisla.skoczow.pl\/wp-content\/uploads\/2025\/12\/U13-300x200.jpg 300w, http:\/\/wisla.skoczow.pl\/wp-content\/uploads\/2025\/12\/U13-768x512.jpg 768w, http:\/\/wisla.skoczow.pl\/wp-content\/uploads\/2025\/12\/U13-1536x1024.jpg 1536w, http:\/\/wisla.skoczow.pl\/wp-content\/uploads\/2025\/12\/U13-2048x1365.jpg 2048w, http:\/\/wisla.skoczow.pl\/wp-content\/uploads\/2025\/12\/U13-128x85.jpg 128w, http:\/\/wisla.skoczow.pl\/wp-content\/uploads\/2025\/12\/U13-32x21.jpg 32w\" sizes=\"auto, (max-width: 1024px) 100vw, 1024px\" \/><\/a><\/figure>\n<\/div>\n<\/div>\n\n\n\n<p class=\"has-text-align-center\"><strong>SEZON: 2025\/2026<\/strong>   <strong>Rocznik: 2013\/2014   <\/strong><strong>Trener: Sonia Gustowska<\/strong><\/p>\n\n\n\n<figure class=\"wp-block-image aligncenter size-full\"><img loading=\"lazy\" decoding=\"async\" width=\"1292\" height=\"532\" src=\"http:\/\/wisla.skoczow.pl\/wp-content\/uploads\/2026\/04\/obraz-10.png\" alt=\"\" class=\"wp-image-63635\" srcset=\"http:\/\/wisla.skoczow.pl\/wp-content\/uploads\/2026\/04\/obraz-10.png 1292w, http:\/\/wisla.skoczow.pl\/wp-content\/uploads\/2026\/04\/obraz-10-300x124.png 300w, http:\/\/wisla.skoczow.pl\/wp-content\/uploads\/2026\/04\/obraz-10-1024x422.png 1024w, http:\/\/wisla.skoczow.pl\/wp-content\/uploads\/2026\/04\/obraz-10-768x316.png 768w, http:\/\/wisla.skoczow.pl\/wp-content\/uploads\/2026\/04\/obraz-10-128x53.png 128w, http:\/\/wisla.skoczow.pl\/wp-content\/uploads\/2026\/04\/obraz-10-32x13.png 32w\" sizes=\"auto, (max-width: 1292px) 100vw, 1292px\" \/><\/figure>\n\n\n\n<figure class=\"wp-block-image aligncenter size-full\"><img loading=\"lazy\" decoding=\"async\" width=\"851\" height=\"890\" src=\"http:\/\/wisla.skoczow.pl\/wp-content\/uploads\/2026\/04\/obraz-12.png\" alt=\"\" class=\"wp-image-63638\" srcset=\"http:\/\/wisla.skoczow.pl\/wp-content\/uploads\/2026\/04\/obraz-12.png 851w, http:\/\/wisla.skoczow.pl\/wp-content\/uploads\/2026\/04\/obraz-12-287x300.png 287w, http:\/\/wisla.skoczow.pl\/wp-content\/uploads\/2026\/04\/obraz-12-768x803.png 768w, http:\/\/wisla.skoczow.pl\/wp-content\/uploads\/2026\/04\/obraz-12-122x128.png 122w, http:\/\/wisla.skoczow.pl\/wp-content\/uploads\/2026\/04\/obraz-12-32x32.png 32w\" sizes=\"auto, (max-width: 851px) 100vw, 851px\" \/><\/figure>\n\n\n\n<div class=\"wp-block-columns is-layout-flex wp-container-core-columns-is-layout-28f84493 wp-block-columns-is-layout-flex\">\n<div class=\"wp-block-column is-layout-flow wp-block-column-is-layout-flow\"><\/div>\n\n\n\n<div class=\"wp-block-column is-layout-flow wp-block-column-is-layout-flow\"><\/div>\n<\/div>\n","protected":false},"excerpt":{"rendered":"<p>SEZON: 2025\/2026 Rocznik: 2013\/2014 Trener: Sonia Gustowska<\/p>\n","protected":false},"author":1,"featured_media":0,"parent":0,"menu_order":0,"comment_status":"closed","ping_status":"closed","template":"","meta":{"ngg_post_thumbnail":0,"footnotes":""},"class_list":["post-33","page","type-page","status-publish","hentry"],"featured_image_url":[],"post_author":"admin","assigned_categories":"","_links":{"self":[{"href":"http:\/\/wisla.skoczow.pl\/index.php?rest_route=\/wp\/v2\/pages\/33","targetHints":{"allow":["GET"]}}],"collection":[{"href":"http:\/\/wisla.skoczow.pl\/index.php?rest_route=\/wp\/v2\/pages"}],"about":[{"href":"http:\/\/wisla.skoczow.pl\/index.php?rest_route=\/wp\/v2\/types\/page"}],"author":[{"embeddable":true,"href":"http:\/\/wisla.skoczow.pl\/index.php?rest_route=\/wp\/v2\/users\/1"}],"replies":[{"embeddable":true,"href":"http:\/\/wisla.skoczow.pl\/index.php?rest_route=%2Fwp%2Fv2%2Fcomments&post=33"}],"version-history":[{"count":154,"href":"http:\/\/wisla.skoczow.pl\/index.php?rest_route=\/wp\/v2\/pages\/33\/revisions"}],"predecessor-version":[{"id":63649,"href":"http:\/\/wisla.skoczow.pl\/index.php?rest_route=\/wp\/v2\/pages\/33\/revisions\/63649"}],"wp:attachment":[{"href":"http:\/\/wisla.skoczow.pl\/index.php?rest_route=%2Fwp%2Fv2%2Fmedia&parent=33"}],"curies":[{"name":"wp","href":"https:\/\/api.w.org\/{rel}","templated":true}]}}