{"id":4025,"date":"2018-11-11T12:50:03","date_gmt":"2018-11-11T11:50:03","guid":{"rendered":"http:\/\/wisla.skoczow.pl\/?page_id=4025"},"modified":"2025-02-16T18:14:41","modified_gmt":"2025-02-16T17:14:41","slug":"rodo","status":"publish","type":"page","link":"http:\/\/wisla.skoczow.pl\/?page_id=4025","title":{"rendered":"RODO"},"content":{"rendered":"\n\n\n<p class=\"has-lato-font-family has-normal-font-size\"><strong>Klauzula informacyjna w zwi\u0105zku z wej\u015bciem ustawy RODO<\/strong><\/p>\n\n\n\n<p class=\"has-lato-font-family has-normal-font-size\" style=\"line-height:1.1\">Zgodnie z art. 13 ust. 1 i 2 Rozporz\u0105dzenia Parlamentu Europejskiego i Rady (UE) 2016\/679 z dnia 27 kwietnia 2016 r. w sprawie ochrony os\u00f3b fizycznych w zwi\u0105zku z przetwarzaniem danych osobowych i w sprawie swobodnego przep\u0142ywu takich danych oraz uchylenia dyrektywy 95\/46\/WE (og\u00f3lne rozporz\u0105dzenie o ochronie danych) , w zwi\u0105zku z cz\u0142onkostwem Pa\u0144stwa dziecka w KKS &#8222;Wis\u0142a&#8221; Skocz\u00f3w, szanuj\u0105c Pa\u0144stwa prywatno\u015b\u0107 oraz dbaj\u0105c o to, aby\u015bcie wiedzieli kto i w jaki spos\u00f3b przetwarza ww. dane osobowe, poni\u017cej przedstawiamy informacje.<\/p>\n\n\n\n<ol class=\"wp-block-list\">\n<li class=\"has-lato-font-family has-normal-font-size\" style=\"line-height:1.1\">Administratorem Pa\u0144stwa danych osobowych jest Stowarzyszenie Kobiecy Klub Sportowy &#8222;Wis\u0142a&#8221; Skocz\u00f3w &#8211;\u00a0ul.\u00a0Bielska 34, 43-430 Skocz\u00f3w<br>Z Administratorem mo\u017cesz skontaktowa\u0107 si\u0119 w nast\u0119puj\u0105cy spos\u00f3b:\n<ul class=\"wp-block-list\">\n<li>listownie na podany adres korespondencyjny &#8211; ul. Plaskowiec 17, 43-430 Skocz\u00f3w<\/li>\n\n\n\n<li>przez e-maila kkswisla@gmail.com<\/li>\n<\/ul>\n<\/li>\n\n\n\n<li class=\"has-lato-font-family has-normal-font-size\" style=\"line-height:1.1\">Jako Administrator b\u0119dziemy przetwarza\u0107 ww. dane w celu:\n<ul class=\"wp-block-list\">\n<li>w celu prowadzenia procesu szkoleniowego KKS &#8222;Wis\u0142a&#8221; Skocz\u00f3w i przekazywania aktualnych informacji oraz ofercie podmiot\u00f3w z nami wsp\u00f3\u0142pracuj\u0105cych na podstawie Twojej zgody art. 6 ust. 1 lit. a (w zakresie marketingu towar\u00f3w i us\u0142ug innych podmiot\u00f3w) i art. 6 ust. 1 lit. f RODO (w zakresie marketingu w\u0142asnego), jak r\u00f3wnie\u017c o ile b\u0119dzie to konieczne<\/li>\n\n\n\n<li>w celu ewentualnego ustalenia, dochodzenie lub obrony roszcze\u0144 na podstawie art. 6 ust. 1 lit. f RODO<\/li>\n<\/ul>\n<\/li>\n<\/ol>\n\n\n\n<ol start=\"3\" class=\"wp-block-list\">\n<li class=\"has-lato-font-family has-normal-font-size\" style=\"line-height:1.1\">Macie Pa\u0144stwo prawo do dost\u0119pu do swoich danych osobowych oraz do otrzymania ich kopii, do ich poprawiania, \u017c\u0105dania ich usuni\u0119cia , przeniesienia lub ograniczenia przetwarzania danych. Przys\u0142uguje r\u00f3wnie\u017c prawo wniesienia sprzeciwu wobec przetwarzania danych. W sytuacji wniesienia sprzeciwu przestaniemy przetwarza\u0107 Pa\u0144stwa dane we wskazanych celach, chyba \u017ce b\u0119dziemy wstanie wykaza\u0107, \u017ce w stosunku do Pa\u0144stwa danych istniej\u0105 dla nas wa\u017cne prawnie uzasadnione podstawy, kt\u00f3re s\u0105 nadrz\u0119dne wobec Pa\u0144stwa interes\u00f3w, praw i wolno\u015bci lub Pa\u0144stwa dane b\u0119d\u0105 niezb\u0119dne do ewentualnego ustalenia, dochodzenia lub ochrony roszcze\u0144. Aby skorzysta\u0107 ze swoich praw konieczny jest kontakt z Administratorem.<\/li>\n\n\n\n<li class=\"has-lato-font-family has-normal-font-size\" style=\"line-height:1.1\">Je\u017celi uznacie Pa\u0144stwo, \u017ce dane osobowe b\u0119d\u0105 przetwarzane niezgodnie z wymogami prawa macie prawo wnie\u015b\u0107 skarg\u0119 do organu nadzorczego, kt\u00f3rym jest Prezes Urz\u0119du Ochrony Danych Osobowych.<\/li>\n\n\n\n<li class=\"has-lato-font-family has-normal-font-size\" style=\"line-height:1.1\">Podanie przez Pa\u0144stwa danych jest dobrowolne, lecz konieczne do realizacji za\u0142o\u017conych cel\u00f3w jako cz\u0142onka Stowarzyszenia.<\/li>\n\n\n\n<li class=\"has-lato-font-family has-normal-font-size\" style=\"line-height:1.1\">Odbiorcami Pa\u0144stwa danych osobowych b\u0119d\u0105 te podmioty, kt\u00f3rym mamy obowi\u0105zek przekazywania dane na gruncie obowi\u0105zuj\u0105cych przepis\u00f3w prawa, a tak\u017ce podmioty \u015bwiadcz\u0105ce na Nasz\u0105 rzecz us\u0142ugi wspieraj\u0105ce wykonanie zobowi\u0105za\u0144, w szczeg\u00f3lno\u015bci ksi\u0119gowe, prawnicze, informatyczne, transportowe, dotycz\u0105ce ubezpieczenia, promocji.<\/li>\n\n\n\n<li class=\"has-lato-font-family has-normal-font-size\" style=\"line-height:1.1\">Dane Pa\u0144stwa dziecka b\u0119d\u0105 przez Nas przetwarzane przez ca\u0142y czas, przez kt\u00f3ry dziecko b\u0119dzie cz\u0142onkiem Stowarzyszenia, a tak\u017ce p\u00f3\u017aniej tj. do czasu up\u0142ywu terminu przedawnienia ewentualnych roszcze\u0144 wynikaj\u0105cych z umowy oraz w wykonaniu obowi\u0105zk\u00f3w na\u0142o\u017conych na Administratora przez przepisy prawa podatkowego.<br>Dane przetwarzane dla potrzeb marketingu b\u0119dziemy przetwarza\u0107 do czasu zg\u0142oszenia przez Pa\u0144stwa sprzeciwu wzgl\u0119dem ich przetwarzania w tym celu (marketing w\u0142asny) lub do czasu wycofania zgody na przetwarzanie danych w tym celu (marketing na rzecz innych podmiot\u00f3w).<br>Udzielon\u0105 zgod\u0119 na przetwarzanie danych osobowych w celach marketingu towar\u00f3w i us\u0142ug innych podmiot\u00f3w mo\u017cecie Pa\u0144stwo cofn\u0105\u0107 w ka\u017cdym czasie. Zgod\u0119 mo\u017cna cofn\u0105\u0107 poprzez ponowne wype\u0142nienie i wys\u0142anie o\u015bwiadczenia o zgodzie lub poprzez wys\u0142anie e-maila na adres kkswisla@gmail.com ze wskazaniem, \u017ce dotyczy cofni\u0119cia zgody na przetwarzanie danych osobowych w celach marketingowych.<\/li>\n<\/ol>\n","protected":false},"excerpt":{"rendered":"<p>Klauzula informacyjna w zwi\u0105zku z wej\u015bciem ustawy RODO Zgodnie z art. 13 ust. 1 i 2 Rozporz\u0105dzenia Parlamentu Europejskiego i Rady (UE) 2016\/679 z dnia 27 kwietnia 2016 r. w sprawie ochrony os\u00f3b fizycznych w zwi\u0105zku z przetwarzaniem danych osobowych i w sprawie swobodnego przep\u0142ywu takich danych oraz uchylenia dyrektywy 95\/46\/WE (og\u00f3lne rozporz\u0105dzenie o ochronie [&hellip;]<\/p>\n","protected":false},"author":1,"featured_media":0,"parent":0,"menu_order":0,"comment_status":"closed","ping_status":"open","template":"","meta":{"ngg_post_thumbnail":0,"footnotes":""},"class_list":["post-4025","page","type-page","status-publish","hentry"],"featured_image_url":[],"post_author":"admin","assigned_categories":"","_links":{"self":[{"href":"http:\/\/wisla.skoczow.pl\/index.php?rest_route=\/wp\/v2\/pages\/4025","targetHints":{"allow":["GET"]}}],"collection":[{"href":"http:\/\/wisla.skoczow.pl\/index.php?rest_route=\/wp\/v2\/pages"}],"about":[{"href":"http:\/\/wisla.skoczow.pl\/index.php?rest_route=\/wp\/v2\/types\/page"}],"author":[{"embeddable":true,"href":"http:\/\/wisla.skoczow.pl\/index.php?rest_route=\/wp\/v2\/users\/1"}],"replies":[{"embeddable":true,"href":"http:\/\/wisla.skoczow.pl\/index.php?rest_route=%2Fwp%2Fv2%2Fcomments&post=4025"}],"version-history":[{"count":7,"href":"http:\/\/wisla.skoczow.pl\/index.php?rest_route=\/wp\/v2\/pages\/4025\/revisions"}],"predecessor-version":[{"id":56239,"href":"http:\/\/wisla.skoczow.pl\/index.php?rest_route=\/wp\/v2\/pages\/4025\/revisions\/56239"}],"wp:attachment":[{"href":"http:\/\/wisla.skoczow.pl\/index.php?rest_route=%2Fwp%2Fv2%2Fmedia&parent=4025"}],"curies":[{"name":"wp","href":"https:\/\/api.w.org\/{rel}","templated":true}]}}