{"id":4042,"date":"2018-11-12T21:13:33","date_gmt":"2018-11-12T20:13:33","guid":{"rendered":"http:\/\/wisla.skoczow.pl\/?page_id=4042"},"modified":"2023-11-20T16:49:17","modified_gmt":"2023-11-20T15:49:17","slug":"cele-szkoleniowe","status":"publish","type":"page","link":"http:\/\/wisla.skoczow.pl\/?page_id=4042","title":{"rendered":"Jak szkolimy"},"content":{"rendered":"\n<figure class=\"wp-block-image aligncenter\"><img loading=\"lazy\" decoding=\"async\" width=\"260\" height=\"146\" src=\"http:\/\/wisla.skoczow.pl\/wp-content\/uploads\/2018\/11\/CEL-SZKOLENIA.png\" alt=\"CEL-SZKOLENIA\" class=\"wp-image-4782\" srcset=\"http:\/\/wisla.skoczow.pl\/wp-content\/uploads\/2018\/11\/CEL-SZKOLENIA.png 260w, http:\/\/wisla.skoczow.pl\/wp-content\/uploads\/2018\/11\/CEL-SZKOLENIA-128x71.png 128w, http:\/\/wisla.skoczow.pl\/wp-content\/uploads\/2018\/11\/CEL-SZKOLENIA-32x17.png 32w\" sizes=\"auto, (max-width: 260px) 100vw, 260px\" \/><\/figure>\n\n\n\n<p class=\"has-text-align-left\"><span style=\"text-decoration: underline; color: #ff0000;\"><span style=\"text-decoration: underline;\"><span style=\"color: #000000; text-decoration: underline;\"><strong><strong>SPORTOWE:<\/strong><\/strong><\/span><\/span><\/span><\/p>\n\n\n\n<ul class=\"wp-block-list\">\n<li><strong>rywalizacja zespo\u0142\u00f3w m\u0142odzie\u017cowych w \u015bl\u0105skich ligach wojew\u00f3dzkich U13\/U16<\/strong><\/li>\n\n\n\n<li><strong>rywalizacja zespo\u0142u juniorsko-seniorskiego w lidze kobiet na trawie.<\/strong><\/li>\n\n\n\n<li><strong>rywalizacja zespo\u0142u seniorskiego w futsalu na poziomie centralnym.<\/strong><\/li>\n\n\n\n<li><strong>start w M\u0142odzie\u017cowych Mistrzostwach Polski oraz Pucharu Polski w futsalu<\/strong><\/li>\n\n\n\n<li><strong>udzia\u0142 w turniejach krajowych i mi\u0119dzynarodowych<\/strong><\/li>\n\n\n\n<li><strong>zdobycie miejsca medalowego lub Mistrzostwa \u015al\u0105ska \/ Polski w rozgrywkach U13\/U16<span style=\"text-decoration: underline; color: #ff0000;\"><span style=\"text-decoration: underline;\"><span style=\"color: #000000; text-decoration: underline;\"><\/span><span class=\"underline\" style=\"text-decoration: underline\"><span class=\"tadv-color\" style=\"color:#000000\"><\/span><\/span><\/span><\/span><\/strong><span style=\"text-decoration: underline; color: #ff0000;\"><\/span><\/li>\n<\/ul>\n\n\n\n<p><strong><span style=\"text-decoration: underline\" class=\"underline\">SZKOLENIOWE:<\/span><\/strong><\/p>\n\n\n\n<ul class=\"wp-block-list\">\n<li><strong>popularyzacja pi\u0142ki no\u017cnej w\u015br\u00f3d dziewczynek w wieku przedszkolnym<\/strong><\/li>\n\n\n\n<li><strong>zwi\u0119kszenie liczebno\u015bci zawodniczek w grupach dzieci\u0119cych i m\u0142odzie\u017cowych<\/strong><\/li>\n\n\n\n<li><strong>wyszkolenie wychowanek do zespo\u0142\u00f3w m\u0142odzie\u017cowych oraz zespo\u0142u seniorskiego<\/strong><\/li>\n\n\n\n<li><strong>szkolenie w poszukiwaniu talent\u00f3w, kt\u00f3rym umo\u017cliwi\u0107 gr\u0119 na poziomie centralnym<\/strong><\/li>\n\n\n\n<li><strong>wychowanki w reprezentacji wojew\u00f3dztwa i Polski<\/strong><\/li>\n<\/ul>\n\n\n\n<p><span style=\"text-decoration: underline;\"><strong>OG\u00d3LNE &#8211; NAUCZANIE I WYCHOWANIE PRZEZ SPORT:<\/strong><\/span><\/p>\n\n\n\n<ul class=\"wp-block-list\">\n<li><strong>zaszczepienie pasji do sportu<\/strong><\/li>\n\n\n\n<li><strong>wszechstronne przygotowanie do uczestnictwa w kulturze fizycznej<\/strong><\/li>\n\n\n\n<li><strong>harmonijny i wszechstronny rozw\u00f3j organizmu<\/strong><\/li>\n\n\n\n<li><strong>kszta\u0142towanie psychomotoryki, umiej\u0119tno\u015bci ruchowych, wyposa\u017cenie w zas\u00f3b wiedzy o sobie<\/strong><\/li>\n\n\n\n<li><strong>kszta\u0142towanie osobowo\u015bci oraz po\u017c\u0105danych postaw moralnych i spo\u0142ecznych<\/strong><\/li>\n\n\n\n<li><strong>piel\u0119gnowanie pozytywnego wizerunku klubu<\/strong><\/li>\n<\/ul>\n\n\n\n<div class=\"wp-block-columns is-layout-flex wp-container-core-columns-is-layout-28f84493 wp-block-columns-is-layout-flex\">\n<div class=\"wp-block-column is-layout-flow wp-block-column-is-layout-flow\">\n<p class=\"has-text-align-center\"><strong><span style=\"color:#0693e3\" class=\"tadv-color\">PROFIL ZAWODNICZKI KKS &#8222;WIS\u0141A&#8221; SKOCZ\u00d3W<\/span><\/strong><\/p>\n<\/div>\n\n\n\n<div class=\"wp-block-column is-layout-flow wp-block-column-is-layout-flow\">\n<p class=\"has-text-align-center\"><strong><span style=\"color:#cf2e2e\" class=\"tadv-color\">SCHEMAT SZKOLENIA KKS &#8222;WIS\u0141A&#8221; SKOCZ\u00d3W<\/span><\/strong><\/p>\n<\/div>\n<\/div>\n\n\n\n<div class=\"wp-block-columns is-layout-flex wp-container-core-columns-is-layout-28f84493 wp-block-columns-is-layout-flex\">\n<div class=\"wp-block-column is-layout-flow wp-block-column-is-layout-flow\">\n<figure class=\"wp-block-image size-full\"><a href=\"http:\/\/wisla.skoczow.pl\/wp-content\/uploads\/2018\/11\/CECHY-KKS.png\"><img loading=\"lazy\" decoding=\"async\" width=\"873\" height=\"446\" src=\"http:\/\/wisla.skoczow.pl\/wp-content\/uploads\/2018\/11\/CECHY-KKS.png\" alt=\"\" class=\"wp-image-4789\" srcset=\"http:\/\/wisla.skoczow.pl\/wp-content\/uploads\/2018\/11\/CECHY-KKS.png 873w, http:\/\/wisla.skoczow.pl\/wp-content\/uploads\/2018\/11\/CECHY-KKS-300x153.png 300w, http:\/\/wisla.skoczow.pl\/wp-content\/uploads\/2018\/11\/CECHY-KKS-128x65.png 128w, http:\/\/wisla.skoczow.pl\/wp-content\/uploads\/2018\/11\/CECHY-KKS-32x16.png 32w\" sizes=\"auto, (max-width: 873px) 100vw, 873px\" \/><\/a><\/figure>\n\n\n\n<p class=\"has-text-align-center\"><span style=\"color:#fcb900\" class=\"tadv-color\"><strong>&nbsp;FUNDAMENTY TRENINGU <\/strong><br><strong>NA POSZCZEG\u00d3LNYM ETAPIE<\/strong><\/span><\/p>\n\n\n\n<ul class=\"wp-block-list\">\n<li><strong><span style=\"color:#9b51e0\" class=\"tadv-color\">Active Start:<\/span> (5 &#8211; 6 lat) popularyzacja \u017ce\u0144skiej pi\u0142ki no\u017cnej w formie zabawy<\/strong><\/li>\n\n\n\n<li><strong><span style=\"color:#fcb900\" class=\"tadv-color\">FUNdamental:<\/span> (7 &#8211; 10 lat) fundamenty gry w pi\u0142k\u0119 no\u017cn\u0105 oparte na zabawie<\/strong><\/li>\n\n\n\n<li><strong><span style=\"color:#cf2e2e\" class=\"tadv-color\">Training to Train:<\/span> (10 &#8211; 12 lat)&nbsp; przygotowanie organizmu do przysz\u0142ych obci\u0105\u017ce\u0144 treningowych<\/strong><\/li>\n\n\n\n<li><strong><span style=\"color:#00d084\" class=\"tadv-color\">Training to Compete:<\/span> (13 &#8211; 15 lat) nauczanie wykorzystywania nabytych umiej\u0119tno\u015bci we wsp\u00f3\u0142zawodnictwie<\/strong><\/li>\n\n\n\n<li><strong><span class=\"tadv-color\" style=\"color:#0693e3\">Training to Win:<span class=\"tadv-background-color\" style=\"background-color:#ffffff\"> <\/span><\/span>(16 &#8211; 21+ lat) trenowanie dla maksymalizacji uzyskiwanych wynik\u00f3w<\/strong><\/li>\n<\/ul>\n<\/div>\n\n\n\n<div class=\"wp-block-column is-layout-flow wp-block-column-is-layout-flow\">\n<figure class=\"wp-block-image size-full\"><a href=\"http:\/\/wisla.skoczow.pl\/wp-content\/uploads\/2023\/11\/obraz.png\"><img loading=\"lazy\" decoding=\"async\" width=\"611\" height=\"881\" src=\"http:\/\/wisla.skoczow.pl\/wp-content\/uploads\/2023\/11\/obraz.png\" alt=\"\" class=\"wp-image-13332\" srcset=\"http:\/\/wisla.skoczow.pl\/wp-content\/uploads\/2023\/11\/obraz.png 611w, http:\/\/wisla.skoczow.pl\/wp-content\/uploads\/2023\/11\/obraz-208x300.png 208w, http:\/\/wisla.skoczow.pl\/wp-content\/uploads\/2023\/11\/obraz-89x128.png 89w, http:\/\/wisla.skoczow.pl\/wp-content\/uploads\/2023\/11\/obraz-22x32.png 22w\" sizes=\"auto, (max-width: 611px) 100vw, 611px\" \/><\/a><\/figure>\n<\/div>\n<\/div>\n\n\n\n<p class=\"has-text-align-center\">&nbsp;<\/p>\n","protected":false},"excerpt":{"rendered":"<p>SPORTOWE: SZKOLENIOWE: OG\u00d3LNE &#8211; NAUCZANIE I WYCHOWANIE PRZEZ SPORT: PROFIL ZAWODNICZKI KKS &#8222;WIS\u0141A&#8221; SKOCZ\u00d3W SCHEMAT SZKOLENIA KKS &#8222;WIS\u0141A&#8221; SKOCZ\u00d3W &nbsp;FUNDAMENTY TRENINGU NA POSZCZEG\u00d3LNYM ETAPIE &nbsp;<\/p>\n","protected":false},"author":1,"featured_media":0,"parent":0,"menu_order":0,"comment_status":"closed","ping_status":"open","template":"","meta":{"ngg_post_thumbnail":0,"footnotes":""},"class_list":["post-4042","page","type-page","status-publish","hentry"],"featured_image_url":[],"post_author":"admin","assigned_categories":"","_links":{"self":[{"href":"http:\/\/wisla.skoczow.pl\/index.php?rest_route=\/wp\/v2\/pages\/4042","targetHints":{"allow":["GET"]}}],"collection":[{"href":"http:\/\/wisla.skoczow.pl\/index.php?rest_route=\/wp\/v2\/pages"}],"about":[{"href":"http:\/\/wisla.skoczow.pl\/index.php?rest_route=\/wp\/v2\/types\/page"}],"author":[{"embeddable":true,"href":"http:\/\/wisla.skoczow.pl\/index.php?rest_route=\/wp\/v2\/users\/1"}],"replies":[{"embeddable":true,"href":"http:\/\/wisla.skoczow.pl\/index.php?rest_route=%2Fwp%2Fv2%2Fcomments&post=4042"}],"version-history":[{"count":64,"href":"http:\/\/wisla.skoczow.pl\/index.php?rest_route=\/wp\/v2\/pages\/4042\/revisions"}],"predecessor-version":[{"id":13336,"href":"http:\/\/wisla.skoczow.pl\/index.php?rest_route=\/wp\/v2\/pages\/4042\/revisions\/13336"}],"wp:attachment":[{"href":"http:\/\/wisla.skoczow.pl\/index.php?rest_route=%2Fwp%2Fv2%2Fmedia&parent=4042"}],"curies":[{"name":"wp","href":"https:\/\/api.w.org\/{rel}","templated":true}]}}