{"id":4156,"date":"2019-01-01T15:24:50","date_gmt":"2019-01-01T14:24:50","guid":{"rendered":"http:\/\/wisla.skoczow.pl\/?page_id=4156"},"modified":"2023-07-18T13:23:04","modified_gmt":"2023-07-18T12:23:04","slug":"sukcesy","status":"publish","type":"page","link":"http:\/\/wisla.skoczow.pl\/?page_id=4156","title":{"rendered":"Sukcesy"},"content":{"rendered":"\n<h2 class=\"wp-block-heading has-luminous-vivid-amber-color has-text-color\"><strong>Osi\u0105gni\u0119cia zespo\u0142owe: Mistrzostwa \u015al\u0105ska<\/strong><\/h2>\n\n\n\n<div class=\"wp-block-columns is-layout-flex wp-container-core-columns-is-layout-28f84493 wp-block-columns-is-layout-flex\">\n<div class=\"wp-block-column is-layout-flow wp-block-column-is-layout-flow\" style=\"flex-basis:33.33%\">\n<figure class=\"wp-block-image size-large is-style-rounded\"><a href=\"http:\/\/wisla.skoczow.pl\/wp-content\/uploads\/2018\/10\/IMG_3097.jpg\"><img loading=\"lazy\" decoding=\"async\" width=\"1024\" height=\"540\" src=\"http:\/\/wisla.skoczow.pl\/wp-content\/uploads\/2018\/10\/IMG_3097-1024x540.jpg\" alt=\"\" class=\"wp-image-4004\" srcset=\"http:\/\/wisla.skoczow.pl\/wp-content\/uploads\/2018\/10\/IMG_3097-1024x540.jpg 1024w, http:\/\/wisla.skoczow.pl\/wp-content\/uploads\/2018\/10\/IMG_3097-300x158.jpg 300w, http:\/\/wisla.skoczow.pl\/wp-content\/uploads\/2018\/10\/IMG_3097-128x67.jpg 128w, http:\/\/wisla.skoczow.pl\/wp-content\/uploads\/2018\/10\/IMG_3097-32x16.jpg 32w\" sizes=\"auto, (max-width: 1024px) 100vw, 1024px\" \/><\/a><\/figure>\n<\/div>\n\n\n\n<div class=\"wp-block-column is-layout-flow wp-block-column-is-layout-flow\" style=\"flex-basis:66.66%\">\n<p><\/p>\n\n\n\n<p><strong>Sezon 2017\/2018<\/strong> &#8211; Mistrzostwo \u015al\u0105ska w \u015al\u0105skiej Lidze M\u0142odziczek U13.<\/p>\n<\/div>\n<\/div>\n\n\n\n<div class=\"wp-block-columns is-layout-flex wp-container-core-columns-is-layout-28f84493 wp-block-columns-is-layout-flex\">\n<div class=\"wp-block-column is-layout-flow wp-block-column-is-layout-flow\" style=\"flex-basis:33.33%\">\n<figure class=\"wp-block-image size-large is-style-rounded\"><a href=\"http:\/\/wisla.skoczow.pl\/wp-content\/uploads\/2019\/01\/vice-mistrz-\u015bl\u0105ska.jpg\"><img loading=\"lazy\" decoding=\"async\" width=\"1024\" height=\"940\" src=\"http:\/\/wisla.skoczow.pl\/wp-content\/uploads\/2019\/01\/vice-mistrz-\u015bl\u0105ska-1024x940.jpg\" alt=\"\" class=\"wp-image-5133\" srcset=\"http:\/\/wisla.skoczow.pl\/wp-content\/uploads\/2019\/01\/vice-mistrz-\u015bl\u0105ska-1024x940.jpg 1024w, http:\/\/wisla.skoczow.pl\/wp-content\/uploads\/2019\/01\/vice-mistrz-\u015bl\u0105ska-300x275.jpg 300w, http:\/\/wisla.skoczow.pl\/wp-content\/uploads\/2019\/01\/vice-mistrz-\u015bl\u0105ska-128x117.jpg 128w, http:\/\/wisla.skoczow.pl\/wp-content\/uploads\/2019\/01\/vice-mistrz-\u015bl\u0105ska-32x29.jpg 32w, http:\/\/wisla.skoczow.pl\/wp-content\/uploads\/2019\/01\/vice-mistrz-\u015bl\u0105ska.jpg 1515w\" sizes=\"auto, (max-width: 1024px) 100vw, 1024px\" \/><\/a><\/figure>\n<\/div>\n\n\n\n<div class=\"wp-block-column is-layout-flow wp-block-column-is-layout-flow\" style=\"flex-basis:66.66%\">\n<p><\/p>\n\n\n\n<p><strong>Sezon 2018\/2019<\/strong> &#8211; Wicemistrzostwo \u015al\u0105ska w \u015al\u0105skiej Lidze Juniorek M\u0142odszych U16.<\/p>\n\n\n\n<p><\/p>\n\n\n\n<p><\/p>\n<\/div>\n<\/div>\n\n\n\n<div class=\"wp-block-columns is-layout-flex wp-container-core-columns-is-layout-28f84493 wp-block-columns-is-layout-flex\">\n<div class=\"wp-block-column is-layout-flow wp-block-column-is-layout-flow\" style=\"flex-basis:33.33%\">\n<figure class=\"wp-block-image size-large\"><a href=\"http:\/\/wisla.skoczow.pl\/wp-content\/uploads\/2023\/05\/IMG_1919-1-scaled.jpg\"><img loading=\"lazy\" decoding=\"async\" width=\"1024\" height=\"558\" src=\"http:\/\/wisla.skoczow.pl\/wp-content\/uploads\/2023\/05\/IMG_1919-1-1024x558.jpg\" alt=\"\" class=\"wp-image-9771\" srcset=\"http:\/\/wisla.skoczow.pl\/wp-content\/uploads\/2023\/05\/IMG_1919-1-1024x558.jpg 1024w, http:\/\/wisla.skoczow.pl\/wp-content\/uploads\/2023\/05\/IMG_1919-1-300x163.jpg 300w, http:\/\/wisla.skoczow.pl\/wp-content\/uploads\/2023\/05\/IMG_1919-1-768x418.jpg 768w, http:\/\/wisla.skoczow.pl\/wp-content\/uploads\/2023\/05\/IMG_1919-1-1536x837.jpg 1536w, http:\/\/wisla.skoczow.pl\/wp-content\/uploads\/2023\/05\/IMG_1919-1-2048x1116.jpg 2048w, http:\/\/wisla.skoczow.pl\/wp-content\/uploads\/2023\/05\/IMG_1919-1-128x70.jpg 128w, http:\/\/wisla.skoczow.pl\/wp-content\/uploads\/2023\/05\/IMG_1919-1-32x17.jpg 32w, http:\/\/wisla.skoczow.pl\/wp-content\/uploads\/2023\/05\/IMG_1919-1-1200x654.jpg 1200w\" sizes=\"auto, (max-width: 1024px) 100vw, 1024px\" \/><\/a><\/figure>\n<\/div>\n\n\n\n<div class=\"wp-block-column is-layout-flow wp-block-column-is-layout-flow\" style=\"flex-basis:66.66%\">\n<p><strong>Sezon 2022\/2023 <\/strong>&#8211; Wicemistrz II ligi futsalu kobiet &#8211; Wicemistrzostwo \u015al\u0105ska<\/p>\n<\/div>\n<\/div>\n\n\n\n<h2 class=\"wp-block-heading has-vivid-green-cyan-color has-text-color\"><strong>Osi\u0105gni\u0119cia zespo\u0142owe: Rozgrywki PZPN \/ Puchar Polski<\/strong><\/h2>\n\n\n\n<div class=\"wp-block-columns is-layout-flex wp-container-core-columns-is-layout-28f84493 wp-block-columns-is-layout-flex\">\n<div class=\"wp-block-column is-layout-flow wp-block-column-is-layout-flow\">\n<p><strong>Sezon 2009\/2010<\/strong> \u2013 IV miejsce o mistrzostwo II ligi kobiet<\/p>\n\n\n\n<p><strong>Sezon 2015\/2016<\/strong> \u2013 III miejsce o mistrzostwo III ligi kobiet<\/p>\n\n\n\n<p><strong>Sezon 2021\/2022 <\/strong>&#8211; III miejsce o mistrzostwo II ligi futsalu kobiet<\/p>\n\n\n\n<p><strong>Sezon 2022\/2023<\/strong> &#8211; II miejsce o mistrzostwo II ligi futsalu kobiet<\/p>\n\n\n\n<p><strong>27.01.2018<\/strong> &#8211; P\u00f3\u0142fina\u0142y M\u0142odzie\u017cowych Mistrzostwach Polski w futsalu do lat 14 (\u015al\u0105sk) &#8211; III miejsce<\/p>\n\n\n\n<p><strong>05.01.2019<\/strong> &#8211; \u0106wier\u0107fina\u0142y M\u0142odzie\u017cowych Mistrzostw Polski w futsalu do lat 14 (\u015al\u0105sk) &#8211; IV miejsce<\/p>\n\n\n\n<p><strong>19.01.2020 <\/strong>&#8211; \u0106wier\u0107fina\u0142y M\u0142odzie\u017cowych Mistrzostw Polski w futsalu do lat 16 (\u015al\u0105sk) &#8211; IV miejsce<\/p>\n<\/div>\n<\/div>\n\n\n\n<div class=\"wp-block-columns is-layout-flex wp-container-core-columns-is-layout-28f84493 wp-block-columns-is-layout-flex\">\n<div class=\"wp-block-column is-layout-flow wp-block-column-is-layout-flow\" style=\"flex-basis:33.33%\">\n<figure class=\"wp-block-image size-large is-style-rounded\"><a href=\"http:\/\/wisla.skoczow.pl\/wp-content\/uploads\/2014\/11\/IMG_6608.jpg\"><img loading=\"lazy\" decoding=\"async\" width=\"1024\" height=\"446\" src=\"http:\/\/wisla.skoczow.pl\/wp-content\/uploads\/2014\/11\/IMG_6608-1024x446.jpg\" alt=\"\" class=\"wp-image-6328\" srcset=\"http:\/\/wisla.skoczow.pl\/wp-content\/uploads\/2014\/11\/IMG_6608-1024x446.jpg 1024w, http:\/\/wisla.skoczow.pl\/wp-content\/uploads\/2014\/11\/IMG_6608-300x130.jpg 300w, http:\/\/wisla.skoczow.pl\/wp-content\/uploads\/2014\/11\/IMG_6608-128x55.jpg 128w, http:\/\/wisla.skoczow.pl\/wp-content\/uploads\/2014\/11\/IMG_6608-32x13.jpg 32w\" sizes=\"auto, (max-width: 1024px) 100vw, 1024px\" \/><\/a><\/figure>\n<\/div>\n\n\n\n<div class=\"wp-block-column is-layout-flow wp-block-column-is-layout-flow\" style=\"flex-basis:66.66%\">\n<p><br><strong>29.11.2020<\/strong> &#8211; Fina\u0142 Pucharu Polski w Futsalu kobiet wojew\u00f3dztwa \u015al\u0105skiego <br>&#8211; I miejsce<\/p>\n<\/div>\n<\/div>\n\n\n\n<p><strong>19.12.2020 <\/strong>&#8211; \u0106wier\u0107fina\u0142y M\u0142odzie\u017cowych Mistrzostw Polski w futsalu do lat 16 (\u015al\u0105sk) &#8211; III miejsce<\/p>\n\n\n\n<div class=\"wp-block-columns is-layout-flex wp-container-core-columns-is-layout-28f84493 wp-block-columns-is-layout-flex\">\n<div class=\"wp-block-column is-layout-flow wp-block-column-is-layout-flow\" style=\"flex-basis:33.33%\">\n<figure class=\"wp-block-image size-large\"><a href=\"http:\/\/wisla.skoczow.pl\/wp-content\/uploads\/2022\/12\/puchar-22.jpg\"><img loading=\"lazy\" decoding=\"async\" width=\"1024\" height=\"444\" src=\"http:\/\/wisla.skoczow.pl\/wp-content\/uploads\/2022\/12\/puchar-22-1024x444.jpg\" alt=\"\" class=\"wp-image-8956\" srcset=\"http:\/\/wisla.skoczow.pl\/wp-content\/uploads\/2022\/12\/puchar-22-1024x444.jpg 1024w, http:\/\/wisla.skoczow.pl\/wp-content\/uploads\/2022\/12\/puchar-22-300x130.jpg 300w, http:\/\/wisla.skoczow.pl\/wp-content\/uploads\/2022\/12\/puchar-22-768x333.jpg 768w, http:\/\/wisla.skoczow.pl\/wp-content\/uploads\/2022\/12\/puchar-22-128x56.jpg 128w, http:\/\/wisla.skoczow.pl\/wp-content\/uploads\/2022\/12\/puchar-22-32x14.jpg 32w, http:\/\/wisla.skoczow.pl\/wp-content\/uploads\/2022\/12\/puchar-22-1200x521.jpg 1200w, http:\/\/wisla.skoczow.pl\/wp-content\/uploads\/2022\/12\/puchar-22.jpg 1300w\" sizes=\"auto, (max-width: 1024px) 100vw, 1024px\" \/><\/a><\/figure>\n<\/div>\n\n\n\n<div class=\"wp-block-column is-layout-flow wp-block-column-is-layout-flow\" style=\"flex-basis:66.66%\">\n<p><strong>04.12.2022 <\/strong>&#8211; Fina\u0142 Pucharu Polski kobiet wojew\u00f3dztwa \u015al\u0105skiego &#8211; III miejsce<\/p>\n\n\n\n<p>Najlepsza Bramkarka &#8211; Weronika Salamon.<\/p>\n<\/div>\n<\/div>\n\n\n\n<h2 class=\"wp-block-heading has-vivid-cyan-blue-color has-text-color\"><strong>Osi\u0105gni\u0119cia zespo\u0142owe: TURNIEJE<\/strong><\/h2>\n\n\n\n<p><strong>17.08.2008<\/strong> &#8211; Otwarte Mistrzostwa Wielkopolski w Gostyniu &#8211; I miejsce i Mistrzostwo.<br>Najlepsz\u0105 Bramkark\u0105 zosta\u0142a Magdalena Sukiennik, a Najm\u0142odsz\u0105 Zawodniczk\u0105 Karolina Szczypka.<\/p>\n\n\n\n<p><strong>18.01.2009<\/strong> &#8211; II Og\u00f3lnopolski Turniej Pi\u0142ki No\u017cnej Dziewcz\u0105t \u201cGwiazda Cup\u201d &#8211; II miejsce.<br><strong><br>21.03.2009<\/strong> &#8211; Turniej Pi\u0142ki No\u017cnej Halowej Dziewcz\u0105t w Bielsku-Bia\u0142ej &#8211; I miejsce.<br>Najlepsza Bramkarka &#8211; Magdalena Sukiennik oraz Najlepsza Zawodniczka &#8211; Anna Korzec.<\/p>\n\n\n\n<p><strong>24.01.2010<\/strong> &#8211; VI Mi\u0119dzynarodowy Turniej Halowej Pi\u0142ki No\u017cnej Dziewcz\u0105t \u201cAwanta\u017c Cup\u201d 2010 &#8211; IV miejsce.<br>Najlepsz\u0105 Bramkark\u0105 zosta\u0142a Sonia Fajer.<\/p>\n\n\n\n<p><strong>06.02.2010<\/strong> &#8211; Mi\u0119dzynarodowy Turniej Futsalu Dziewcz\u0105t w Gocza\u0142kowicach-Zdroju &#8211; III miejsce.<\/p>\n\n\n\n<p><strong>19.02.2011<\/strong> &#8211; Lucky Live Cup w Trzy\u0144cu na Zaolziu &#8211; I miejsce.<br>Kr\u00f3low\u0105 strzelczy\u0144 turnieju zosta\u0142a w\u00f3wczas Krystyna Ku\u015bnierz \u2013 11 bramek.<\/p>\n\n\n\n<p><strong>20.02.2011<\/strong> &#8211; Mi\u0119dzynarodowy Turniej Futsalu Dziewcz\u0105t w Gocza\u0142kowicach-Zdroju &#8211; I miejsce.<br>Najlepsz\u0105 Zawodniczk\u0105 turnieju zosta\u0142a Krystyna Ku\u015bnierz.<\/p>\n\n\n\n<p><strong>23.03.2013<\/strong> &#8211; III Turnieju im. Ireny P\u00f3\u0142torak w \u015awi\u0119toch\u0142owicach &#8211; III miejsce.<\/p>\n\n\n\n<p><strong>14.12.2013<\/strong> &#8211; Mi\u0119dzynarodowy Turniej Halowej Pi\u0142ki No\u017cnej Dziewcz\u0105t w Bruszperku (Czechy) &#8211; II miejsce.<br>Klaudia Adamek zosta\u0142a Kr\u00f3low\u0105 strzelczy\u0144 turnieju \u2013 6 bramek.<\/p>\n\n\n\n<p><strong>08.03.2015<\/strong> &#8211; Halowy Turniej Pi\u0142ki No\u017cnej Dziewcz\u0105t w \u017borach &#8211;&nbsp; I miejsce oraz II miejsce (startowa\u0142y dwie ekipy).<br>Kr\u00f3low\u0105 strzelczy\u0144 zosta\u0142a Wiktoria Gabzdyl \u2013 11 bramek.<\/p>\n\n\n\n<p><strong>13.03.2016<\/strong> &#8211; MARCO CUP w Knurowie &#8211; IV miejsce,&nbsp; dziewcz\u0119ta nie przegra\u0142y \u017cadnego meczu<br>oraz mia\u0142y najlepszy wynik w zdobytych bramkach \u2013 straci\u0142y ich najmniej oraz zdoby\u0142y najwi\u0119cej.<br>Najlepsz\u0105 zawodnicz\u0105 turnieju zosta\u0142a&nbsp;Miros\u0142awa Hrosova.<\/p>\n\n\n\n<p><strong>07.06.2016<\/strong>&nbsp; &#8211; \u201cPuchar Rzeki Wis\u0142y 2016\u2033 U15 &#8211; III miejsce.<\/p>\n\n\n\n<p><strong>30.07.2016<\/strong> &#8211; Mi\u0119dzynarodowy Turniej Pi\u0142ki No\u017cnej Dziewcz\u0105t \u201cVala\u0161sk\u00fd Cup\u201d w&nbsp;Ro\u017enovie pod Radho\u0161t\u011bm<br>(Czechy) &#8211; II miejsce. Najlepsz\u0105 Bramkark\u0105 turnieju zosta\u0142a Patrycja Kobiela.<\/p>\n\n\n\n<p><strong>22.09.2016<\/strong> &#8211; &#8222;Puchar Grodziska Piekie\u0142ko 2016 U13 &#8211; II miejsce.<\/p>\n\n\n\n<p><strong>05.03.2017 &#8211;<\/strong> I Towarzyski Turnieju Pi\u0142ki No\u017cnej Dziewcz\u0105t \u201d BAWI NAS PI\u0141KA\u201d U13 &#8211; III miejsce.<\/p>\n\n\n\n<p><strong>07.06.2017<\/strong> &#8211; \u201cPuchar Rzeki Wis\u0142y 2017\u2033 U19 &#8211; II miejsce.<\/p>\n\n\n\n<p><strong>11.02.2018<\/strong> &#8211; V Walentynkowy Turniej w Krakowie U14 &#8211; II miejsce.<\/p>\n\n\n\n<p><strong>05.06.2018<\/strong> &#8211; \u201cPuchar Rzeki Wis\u0142y 2018\u2033 U19 &#8211; I miejsce.<br>Najskuteczniejsza Zawodniczka turnieju \u2013 Klaudia Adamek (10 bramek).<br><strong><br>22.12.2018<\/strong> &#8211; X Og\u00f3lnopolski Turniej Pi\u0142ki No\u017cnej Kobiet &#8222;Orze\u0142 Cup&#8221; w Pawonkowie &#8211; III miejsce.<\/p>\n\n\n\n<p><strong>19.01.2019<\/strong> &#8211; Towarzyski Halowy Turniej Pi\u0142ki No\u017cnej Dziewcz\u0105t w Ustroniu U12 &#8211; II miejsce<\/p>\n\n\n\n<p><strong>16.02.2019<\/strong> &#8211; I Halowy Turniej Pi\u0142ki No\u017cnej Dziewcz\u0105t o Puchar W\u00f3jta Gminy Istebna U14 &#8211; III miejsce<\/p>\n\n\n\n<p><strong>03.11.2019<\/strong> &#8211; Halowy Turniej Pi\u0142ki No\u017cnej Kobiet &#8222;Bez wygranych, bez przegranych&#8221; w Miko\u0142owie &#8211; III miejsce<\/p>\n\n\n\n<p><strong>01.02.2020 <\/strong>&#8211; X Turniej Futsalu Kobiet o Puchar Prezesa LKS Gocza\u0142kowice &#8211; II miejsce<br>Najlepsza Zawodniczka turnieju &#8211; Weronika Sztuchlik<\/p>\n\n\n\n<p><strong>12.02.2020 <\/strong>&#8211; II &#8222;Walentynki Cup 2020&#8221; im. Katarzyny Moska\u0142y w halowej pi\u0142ce no\u017cnej &#8211; II miejsce<br>Najskuteczniejsza Zawodniczka turnieju &#8211; Aleksandra Karkoszka (11 bramek).<\/p>\n\n\n\n<p><strong>01.03.2020<\/strong> &#8211; VII Wiosenny Og\u00f3lnopolski Turniej Pi\u0142ki No\u017cnej Kobiet w G\u0142ucho\u0142azach &#8211; II i IV miejsce<br>Najlepsza Bramkarka Turnieju &#8211; Kornelia Ma\u0142yjurek<\/p>\n\n\n\n<p><strong>13.12.2020 <\/strong>&#8211; Halowy \u015awi\u0105teczny Turniej Pi\u0142karski w Miko\u0142owie U13 &#8211; III miejsce<\/p>\n\n\n\n<p><strong>02.05.2021<\/strong> &#8211; Lisek CUP w Mil\u00f3wce U13 &#8211; III miejsce<\/p>\n\n\n\n<p><strong>20.06.2021<\/strong> &#8211; Turniej Pi\u0142ki No\u017cnej Kobiet z okazji Dni Knurowa im. Janusza Lisowskiego &#8211; III miejsce<br>Najlepsza Zawodniczka turnieju &#8211; Weronika Sztuchlik<\/p>\n\n\n\n<p><strong>26.08.2021<\/strong> &#8211; \u201cPuchar Rzeki Wis\u0142y 2021&#8243; &#8211; II miejsce. <\/p>\n\n\n\n<p><strong>20.10.2021<\/strong> &#8211; &#8222;Puchar Grodziska Piekie\u0142ko 2021&#8221; U13 &#8211; III miejsce. <\/p>\n\n\n\n<p><strong>19.02.2022 <\/strong>&#8211; IV Halowy Turniej Pi\u0142ki No\u017cnej Kobiet &#8222;Walentynki Cup 2022&#8221; im. Katarzyny Moska\u0142y o Puchar W\u00f3jta Gminy Brenna &#8211; II miejsce. Najskuteczniejsza Zawodniczka turnieju &#8211; Klaudia Bogacka (4 bramki).<\/p>\n\n\n\n<p><strong>18.06.2022<\/strong> &#8211; II Turniej Pi\u0142ki No\u017cnej Kobiet z okazji Dni Knurowa im. Janusza Lisowskiego &#8211; II miejsce<br>Najlepsza Zawodniczka turnieju &#8211; Wiktoria Kozie\u0142<\/p>\n\n\n\n<p><strong>14.08.2022<\/strong> &#8211; &#8222;Puchar Rzeki Wis\u0142y 2022&#8221;<br>Najskuteczniejsza Zawodniczka turnieju \u2013 Wiktoria Kozie\u0142 (10 bramek).<\/p>\n\n\n\n<div class=\"wp-block-columns is-layout-flex wp-container-core-columns-is-layout-28f84493 wp-block-columns-is-layout-flex\">\n<div class=\"wp-block-column is-layout-flow wp-block-column-is-layout-flow\">\n<h3 class=\"wp-block-heading has-vivid-red-color has-text-color\"><strong>REPREZENTANTKI POLSKI:<\/strong><\/h3>\n<\/div>\n\n\n\n<div class=\"wp-block-column is-layout-flow wp-block-column-is-layout-flow\">\n<h3 class=\"wp-block-heading has-text-align-center has-vivid-cyan-blue-color has-text-color\"><strong>REPREZENTANTKI WOJEW\u00d3DZTWA:<\/strong><\/h3>\n<\/div>\n<\/div>\n\n\n\n<div class=\"wp-block-columns is-layout-flex wp-container-core-columns-is-layout-28f84493 wp-block-columns-is-layout-flex\">\n<div class=\"wp-block-column is-layout-flow wp-block-column-is-layout-flow\">\n<p>&#8211; Moska\u0142a Katarzyna (futsal A)<\/p>\n<\/div>\n\n\n\n<div class=\"wp-block-column is-layout-flow wp-block-column-is-layout-flow\">\n<p>&#8211; Ku\u015bnierz Krystyna (U16)<br>&#8211; Korzec Anna (U16)<br>&#8211; Fajer Sonia (U16)<br>&#8211; Moska\u0142a Katarzyna (U16)<br>&#8211; Iskrzycka Weronika (U16)<br>&#8211; Ma\u0142yjurek Kornelia (U14)<\/p>\n<\/div>\n<\/div>\n","protected":false},"excerpt":{"rendered":"<p>Osi\u0105gni\u0119cia zespo\u0142owe: Mistrzostwa \u015al\u0105ska Sezon 2017\/2018 &#8211; Mistrzostwo \u015al\u0105ska w \u015al\u0105skiej Lidze M\u0142odziczek U13. Sezon 2018\/2019 &#8211; Wicemistrzostwo \u015al\u0105ska w \u015al\u0105skiej Lidze Juniorek M\u0142odszych U16. Sezon 2022\/2023 &#8211; Wicemistrz II ligi futsalu kobiet &#8211; Wicemistrzostwo \u015al\u0105ska Osi\u0105gni\u0119cia zespo\u0142owe: Rozgrywki PZPN \/ Puchar Polski Sezon 2009\/2010 \u2013 IV miejsce o mistrzostwo II ligi kobiet Sezon 2015\/2016 [&hellip;]<\/p>\n","protected":false},"author":1,"featured_media":0,"parent":0,"menu_order":0,"comment_status":"closed","ping_status":"open","template":"","meta":{"ngg_post_thumbnail":0,"footnotes":""},"class_list":["post-4156","page","type-page","status-publish","hentry"],"featured_image_url":[],"post_author":"admin","assigned_categories":"","_links":{"self":[{"href":"http:\/\/wisla.skoczow.pl\/index.php?rest_route=\/wp\/v2\/pages\/4156","targetHints":{"allow":["GET"]}}],"collection":[{"href":"http:\/\/wisla.skoczow.pl\/index.php?rest_route=\/wp\/v2\/pages"}],"about":[{"href":"http:\/\/wisla.skoczow.pl\/index.php?rest_route=\/wp\/v2\/types\/page"}],"author":[{"embeddable":true,"href":"http:\/\/wisla.skoczow.pl\/index.php?rest_route=\/wp\/v2\/users\/1"}],"replies":[{"embeddable":true,"href":"http:\/\/wisla.skoczow.pl\/index.php?rest_route=%2Fwp%2Fv2%2Fcomments&post=4156"}],"version-history":[{"count":70,"href":"http:\/\/wisla.skoczow.pl\/index.php?rest_route=\/wp\/v2\/pages\/4156\/revisions"}],"predecessor-version":[{"id":12537,"href":"http:\/\/wisla.skoczow.pl\/index.php?rest_route=\/wp\/v2\/pages\/4156\/revisions\/12537"}],"wp:attachment":[{"href":"http:\/\/wisla.skoczow.pl\/index.php?rest_route=%2Fwp%2Fv2%2Fmedia&parent=4156"}],"curies":[{"name":"wp","href":"https:\/\/api.w.org\/{rel}","templated":true}]}}