{"id":73,"date":"2014-11-29T20:19:00","date_gmt":"2014-11-29T19:19:00","guid":{"rendered":"http:\/\/localhost\/wp\/?page_id=73"},"modified":"2023-11-20T16:51:38","modified_gmt":"2023-11-20T15:51:38","slug":"obiekt","status":"publish","type":"page","link":"http:\/\/wisla.skoczow.pl\/?page_id=73","title":{"rendered":"Baza sportowa"},"content":{"rendered":"<h2><strong>Stadion Miejski SOSiR &#8222;Beskid&#8221; im. R. Kukucza<\/strong><\/h2>\n<h3><strong>ul.Sportowa 6, <\/strong><strong>43-430 Skocz\u00f3w<\/strong><\/h3>\n<p style=\"text-align: center;\">\u00a0<\/p>\n\n\n<div class=\"wp-block-columns is-layout-flex wp-container-core-columns-is-layout-28f84493 wp-block-columns-is-layout-flex\">\n<div class=\"wp-block-column is-layout-flow wp-block-column-is-layout-flow\">\n<figure class=\"wp-block-image aligncenter size-large is-style-rounded\"><a href=\"http:\/\/wisla.skoczow.pl\/wp-content\/uploads\/2021\/07\/IMG_20210709_100315.jpg\"><img loading=\"lazy\" decoding=\"async\" width=\"1024\" height=\"682\" src=\"http:\/\/wisla.skoczow.pl\/wp-content\/uploads\/2021\/07\/IMG_20210709_100315-1024x682.jpg\" alt=\"\" class=\"wp-image-7568\" srcset=\"http:\/\/wisla.skoczow.pl\/wp-content\/uploads\/2021\/07\/IMG_20210709_100315-1024x682.jpg 1024w, http:\/\/wisla.skoczow.pl\/wp-content\/uploads\/2021\/07\/IMG_20210709_100315-300x200.jpg 300w, http:\/\/wisla.skoczow.pl\/wp-content\/uploads\/2021\/07\/IMG_20210709_100315-768x512.jpg 768w, http:\/\/wisla.skoczow.pl\/wp-content\/uploads\/2021\/07\/IMG_20210709_100315-1536x1024.jpg 1536w, http:\/\/wisla.skoczow.pl\/wp-content\/uploads\/2021\/07\/IMG_20210709_100315-2048x1365.jpg 2048w, http:\/\/wisla.skoczow.pl\/wp-content\/uploads\/2021\/07\/IMG_20210709_100315-128x85.jpg 128w, http:\/\/wisla.skoczow.pl\/wp-content\/uploads\/2021\/07\/IMG_20210709_100315-32x21.jpg 32w, http:\/\/wisla.skoczow.pl\/wp-content\/uploads\/2021\/07\/IMG_20210709_100315-1200x800.jpg 1200w\" sizes=\"auto, (max-width: 1024px) 100vw, 1024px\" \/><\/a><\/figure>\n<\/div>\n\n\n\n<div class=\"wp-block-column is-layout-flow wp-block-column-is-layout-flow\">\n<figure class=\"wp-block-image size-large is-style-rounded\"><a href=\"http:\/\/wisla.skoczow.pl\/wp-content\/uploads\/2021\/07\/IMG_20210709_100501-scaled.jpg\"><img loading=\"lazy\" decoding=\"async\" width=\"1024\" height=\"683\" src=\"http:\/\/wisla.skoczow.pl\/wp-content\/uploads\/2021\/07\/IMG_20210709_100501-1024x683.jpg\" alt=\"\" class=\"wp-image-7571\" srcset=\"http:\/\/wisla.skoczow.pl\/wp-content\/uploads\/2021\/07\/IMG_20210709_100501-1024x683.jpg 1024w, http:\/\/wisla.skoczow.pl\/wp-content\/uploads\/2021\/07\/IMG_20210709_100501-300x200.jpg 300w, http:\/\/wisla.skoczow.pl\/wp-content\/uploads\/2021\/07\/IMG_20210709_100501-768x512.jpg 768w, http:\/\/wisla.skoczow.pl\/wp-content\/uploads\/2021\/07\/IMG_20210709_100501-1536x1024.jpg 1536w, http:\/\/wisla.skoczow.pl\/wp-content\/uploads\/2021\/07\/IMG_20210709_100501-2048x1365.jpg 2048w, http:\/\/wisla.skoczow.pl\/wp-content\/uploads\/2021\/07\/IMG_20210709_100501-128x85.jpg 128w, http:\/\/wisla.skoczow.pl\/wp-content\/uploads\/2021\/07\/IMG_20210709_100501-32x21.jpg 32w, http:\/\/wisla.skoczow.pl\/wp-content\/uploads\/2021\/07\/IMG_20210709_100501-1200x800.jpg 1200w\" sizes=\"auto, (max-width: 1024px) 100vw, 1024px\" \/><\/a><\/figure>\n<\/div>\n\n\n\n<div class=\"wp-block-column is-layout-flow wp-block-column-is-layout-flow\">\n<figure class=\"wp-block-image size-large is-resized is-style-rounded\"><a href=\"http:\/\/wisla.skoczow.pl\/wp-content\/uploads\/2021\/07\/stadion-scaled.jpg\"><img loading=\"lazy\" decoding=\"async\" src=\"http:\/\/wisla.skoczow.pl\/wp-content\/uploads\/2021\/07\/stadion-1024x768.jpg\" alt=\"\" class=\"wp-image-7570\" width=\"323\" height=\"242\" srcset=\"http:\/\/wisla.skoczow.pl\/wp-content\/uploads\/2021\/07\/stadion-1024x768.jpg 1024w, http:\/\/wisla.skoczow.pl\/wp-content\/uploads\/2021\/07\/stadion-300x225.jpg 300w, http:\/\/wisla.skoczow.pl\/wp-content\/uploads\/2021\/07\/stadion-768x576.jpg 768w, http:\/\/wisla.skoczow.pl\/wp-content\/uploads\/2021\/07\/stadion-1536x1152.jpg 1536w, http:\/\/wisla.skoczow.pl\/wp-content\/uploads\/2021\/07\/stadion-2048x1536.jpg 2048w, http:\/\/wisla.skoczow.pl\/wp-content\/uploads\/2021\/07\/stadion-128x96.jpg 128w, http:\/\/wisla.skoczow.pl\/wp-content\/uploads\/2021\/07\/stadion-32x24.jpg 32w, http:\/\/wisla.skoczow.pl\/wp-content\/uploads\/2021\/07\/stadion-1200x900.jpg 1200w\" sizes=\"auto, (max-width: 323px) 100vw, 323px\" \/><\/a><\/figure>\n<\/div>\n<\/div>\n\n\n\n<p><strong>Boisko trawiaste SOSiR w Wi\u015blicy<\/strong><br><strong>ul. Stadionowa 5<\/strong><\/p>\n\n\n\n<div class=\"wp-block-columns is-layout-flex wp-container-core-columns-is-layout-28f84493 wp-block-columns-is-layout-flex\">\n<div class=\"wp-block-column is-layout-flow wp-block-column-is-layout-flow\">\n<figure class=\"wp-block-image size-large is-style-rounded\"><a href=\"http:\/\/wisla.skoczow.pl\/wp-content\/uploads\/2021\/07\/IMG_20210707_154250-scaled.jpg\"><img loading=\"lazy\" decoding=\"async\" width=\"1024\" height=\"683\" src=\"http:\/\/wisla.skoczow.pl\/wp-content\/uploads\/2021\/07\/IMG_20210707_154250-1024x683.jpg\" alt=\"\" class=\"wp-image-7579\" srcset=\"http:\/\/wisla.skoczow.pl\/wp-content\/uploads\/2021\/07\/IMG_20210707_154250-1024x683.jpg 1024w, http:\/\/wisla.skoczow.pl\/wp-content\/uploads\/2021\/07\/IMG_20210707_154250-300x200.jpg 300w, http:\/\/wisla.skoczow.pl\/wp-content\/uploads\/2021\/07\/IMG_20210707_154250-768x512.jpg 768w, http:\/\/wisla.skoczow.pl\/wp-content\/uploads\/2021\/07\/IMG_20210707_154250-1536x1024.jpg 1536w, http:\/\/wisla.skoczow.pl\/wp-content\/uploads\/2021\/07\/IMG_20210707_154250-2048x1365.jpg 2048w, http:\/\/wisla.skoczow.pl\/wp-content\/uploads\/2021\/07\/IMG_20210707_154250-128x85.jpg 128w, http:\/\/wisla.skoczow.pl\/wp-content\/uploads\/2021\/07\/IMG_20210707_154250-32x21.jpg 32w, http:\/\/wisla.skoczow.pl\/wp-content\/uploads\/2021\/07\/IMG_20210707_154250-1200x800.jpg 1200w\" sizes=\"auto, (max-width: 1024px) 100vw, 1024px\" \/><\/a><\/figure>\n<\/div>\n\n\n\n<div class=\"wp-block-column is-layout-flow wp-block-column-is-layout-flow\">\n<figure class=\"wp-block-image size-large is-style-rounded\"><a href=\"http:\/\/wisla.skoczow.pl\/wp-content\/uploads\/2021\/07\/IMG_20210707_154324-scaled.jpg\"><img loading=\"lazy\" decoding=\"async\" width=\"1024\" height=\"683\" src=\"http:\/\/wisla.skoczow.pl\/wp-content\/uploads\/2021\/07\/IMG_20210707_154324-1024x683.jpg\" alt=\"\" class=\"wp-image-7580\" srcset=\"http:\/\/wisla.skoczow.pl\/wp-content\/uploads\/2021\/07\/IMG_20210707_154324-1024x683.jpg 1024w, http:\/\/wisla.skoczow.pl\/wp-content\/uploads\/2021\/07\/IMG_20210707_154324-300x200.jpg 300w, http:\/\/wisla.skoczow.pl\/wp-content\/uploads\/2021\/07\/IMG_20210707_154324-768x512.jpg 768w, http:\/\/wisla.skoczow.pl\/wp-content\/uploads\/2021\/07\/IMG_20210707_154324-1536x1024.jpg 1536w, http:\/\/wisla.skoczow.pl\/wp-content\/uploads\/2021\/07\/IMG_20210707_154324-2048x1365.jpg 2048w, http:\/\/wisla.skoczow.pl\/wp-content\/uploads\/2021\/07\/IMG_20210707_154324-128x85.jpg 128w, http:\/\/wisla.skoczow.pl\/wp-content\/uploads\/2021\/07\/IMG_20210707_154324-32x21.jpg 32w, http:\/\/wisla.skoczow.pl\/wp-content\/uploads\/2021\/07\/IMG_20210707_154324-1200x800.jpg 1200w\" sizes=\"auto, (max-width: 1024px) 100vw, 1024px\" \/><\/a><\/figure>\n<\/div>\n\n\n\n<div class=\"wp-block-column is-layout-flow wp-block-column-is-layout-flow\">\n<figure class=\"wp-block-image size-large is-style-rounded\"><a href=\"http:\/\/wisla.skoczow.pl\/wp-content\/uploads\/2021\/07\/IMG_20210707_154353-scaled.jpg\"><img loading=\"lazy\" decoding=\"async\" width=\"1024\" height=\"683\" src=\"http:\/\/wisla.skoczow.pl\/wp-content\/uploads\/2021\/07\/IMG_20210707_154353-1024x683.jpg\" alt=\"\" class=\"wp-image-7581\" srcset=\"http:\/\/wisla.skoczow.pl\/wp-content\/uploads\/2021\/07\/IMG_20210707_154353-1024x683.jpg 1024w, http:\/\/wisla.skoczow.pl\/wp-content\/uploads\/2021\/07\/IMG_20210707_154353-300x200.jpg 300w, http:\/\/wisla.skoczow.pl\/wp-content\/uploads\/2021\/07\/IMG_20210707_154353-768x512.jpg 768w, http:\/\/wisla.skoczow.pl\/wp-content\/uploads\/2021\/07\/IMG_20210707_154353-1536x1024.jpg 1536w, http:\/\/wisla.skoczow.pl\/wp-content\/uploads\/2021\/07\/IMG_20210707_154353-2048x1365.jpg 2048w, http:\/\/wisla.skoczow.pl\/wp-content\/uploads\/2021\/07\/IMG_20210707_154353-128x85.jpg 128w, http:\/\/wisla.skoczow.pl\/wp-content\/uploads\/2021\/07\/IMG_20210707_154353-32x21.jpg 32w, http:\/\/wisla.skoczow.pl\/wp-content\/uploads\/2021\/07\/IMG_20210707_154353-1200x800.jpg 1200w\" sizes=\"auto, (max-width: 1024px) 100vw, 1024px\" \/><\/a><\/figure>\n<\/div>\n<\/div>\n\n\n\n<p><strong>Boisko ze sztuczn\u0105 nawierzchni\u0105 przy SP8 w Skoczowie<br>ul. Gustawa Morcinka 20<\/strong><\/p>\n\n\n\n<div class=\"wp-block-columns is-layout-flex wp-container-core-columns-is-layout-28f84493 wp-block-columns-is-layout-flex\">\n<div class=\"wp-block-column is-layout-flow wp-block-column-is-layout-flow\">\n<figure class=\"wp-block-image size-large is-style-rounded\"><a href=\"http:\/\/wisla.skoczow.pl\/wp-content\/uploads\/2021\/07\/IMG_20210707_154033-scaled.jpg\"><img loading=\"lazy\" decoding=\"async\" width=\"1024\" height=\"683\" src=\"http:\/\/wisla.skoczow.pl\/wp-content\/uploads\/2021\/07\/IMG_20210707_154033-1024x683.jpg\" alt=\"\" class=\"wp-image-7584\" srcset=\"http:\/\/wisla.skoczow.pl\/wp-content\/uploads\/2021\/07\/IMG_20210707_154033-1024x683.jpg 1024w, http:\/\/wisla.skoczow.pl\/wp-content\/uploads\/2021\/07\/IMG_20210707_154033-300x200.jpg 300w, http:\/\/wisla.skoczow.pl\/wp-content\/uploads\/2021\/07\/IMG_20210707_154033-768x512.jpg 768w, http:\/\/wisla.skoczow.pl\/wp-content\/uploads\/2021\/07\/IMG_20210707_154033-1536x1024.jpg 1536w, http:\/\/wisla.skoczow.pl\/wp-content\/uploads\/2021\/07\/IMG_20210707_154033-2048x1365.jpg 2048w, http:\/\/wisla.skoczow.pl\/wp-content\/uploads\/2021\/07\/IMG_20210707_154033-128x85.jpg 128w, http:\/\/wisla.skoczow.pl\/wp-content\/uploads\/2021\/07\/IMG_20210707_154033-32x21.jpg 32w, http:\/\/wisla.skoczow.pl\/wp-content\/uploads\/2021\/07\/IMG_20210707_154033-1200x800.jpg 1200w\" sizes=\"auto, (max-width: 1024px) 100vw, 1024px\" \/><\/a><\/figure>\n<\/div>\n\n\n\n<div class=\"wp-block-column is-layout-flow wp-block-column-is-layout-flow\">\n<figure class=\"wp-block-image size-large is-style-rounded\"><a href=\"http:\/\/wisla.skoczow.pl\/wp-content\/uploads\/2021\/07\/IMG_20210707_153955-scaled.jpg\"><img loading=\"lazy\" decoding=\"async\" width=\"1024\" height=\"683\" src=\"http:\/\/wisla.skoczow.pl\/wp-content\/uploads\/2021\/07\/IMG_20210707_153955-1024x683.jpg\" alt=\"\" class=\"wp-image-7583\" srcset=\"http:\/\/wisla.skoczow.pl\/wp-content\/uploads\/2021\/07\/IMG_20210707_153955-1024x683.jpg 1024w, http:\/\/wisla.skoczow.pl\/wp-content\/uploads\/2021\/07\/IMG_20210707_153955-300x200.jpg 300w, http:\/\/wisla.skoczow.pl\/wp-content\/uploads\/2021\/07\/IMG_20210707_153955-768x512.jpg 768w, http:\/\/wisla.skoczow.pl\/wp-content\/uploads\/2021\/07\/IMG_20210707_153955-1536x1024.jpg 1536w, http:\/\/wisla.skoczow.pl\/wp-content\/uploads\/2021\/07\/IMG_20210707_153955-2048x1365.jpg 2048w, http:\/\/wisla.skoczow.pl\/wp-content\/uploads\/2021\/07\/IMG_20210707_153955-128x85.jpg 128w, http:\/\/wisla.skoczow.pl\/wp-content\/uploads\/2021\/07\/IMG_20210707_153955-32x21.jpg 32w, http:\/\/wisla.skoczow.pl\/wp-content\/uploads\/2021\/07\/IMG_20210707_153955-1200x800.jpg 1200w\" sizes=\"auto, (max-width: 1024px) 100vw, 1024px\" \/><\/a><\/figure>\n<\/div>\n\n\n\n<div class=\"wp-block-column is-layout-flow wp-block-column-is-layout-flow\">\n<figure class=\"wp-block-image size-large is-style-rounded\"><a href=\"http:\/\/wisla.skoczow.pl\/wp-content\/uploads\/2021\/07\/IMG_20210707_154153-scaled.jpg\"><img loading=\"lazy\" decoding=\"async\" width=\"1024\" height=\"683\" src=\"http:\/\/wisla.skoczow.pl\/wp-content\/uploads\/2021\/07\/IMG_20210707_154153-1024x683.jpg\" alt=\"\" class=\"wp-image-7585\" srcset=\"http:\/\/wisla.skoczow.pl\/wp-content\/uploads\/2021\/07\/IMG_20210707_154153-1024x683.jpg 1024w, http:\/\/wisla.skoczow.pl\/wp-content\/uploads\/2021\/07\/IMG_20210707_154153-300x200.jpg 300w, http:\/\/wisla.skoczow.pl\/wp-content\/uploads\/2021\/07\/IMG_20210707_154153-768x512.jpg 768w, http:\/\/wisla.skoczow.pl\/wp-content\/uploads\/2021\/07\/IMG_20210707_154153-1536x1024.jpg 1536w, http:\/\/wisla.skoczow.pl\/wp-content\/uploads\/2021\/07\/IMG_20210707_154153-2048x1365.jpg 2048w, http:\/\/wisla.skoczow.pl\/wp-content\/uploads\/2021\/07\/IMG_20210707_154153-128x85.jpg 128w, http:\/\/wisla.skoczow.pl\/wp-content\/uploads\/2021\/07\/IMG_20210707_154153-32x21.jpg 32w, http:\/\/wisla.skoczow.pl\/wp-content\/uploads\/2021\/07\/IMG_20210707_154153-1200x800.jpg 1200w\" sizes=\"auto, (max-width: 1024px) 100vw, 1024px\" \/><\/a><\/figure>\n<\/div>\n<\/div>\n\n\n\n<p><strong>Boisko &#8222;ORLIK&#8221; w Skoczowie<br>ul. G\u00f3recka 65a<\/strong><\/p>\n\n\n\n<div class=\"wp-block-columns is-layout-flex wp-container-core-columns-is-layout-28f84493 wp-block-columns-is-layout-flex\">\n<div class=\"wp-block-column is-layout-flow wp-block-column-is-layout-flow\">\n<figure class=\"wp-block-image size-large is-style-rounded\"><a href=\"http:\/\/wisla.skoczow.pl\/wp-content\/uploads\/2021\/07\/IMG_20210708_201832-scaled.jpg\"><img loading=\"lazy\" decoding=\"async\" width=\"1024\" height=\"683\" src=\"http:\/\/wisla.skoczow.pl\/wp-content\/uploads\/2021\/07\/IMG_20210708_201832-1024x683.jpg\" alt=\"\" class=\"wp-image-7588\" srcset=\"http:\/\/wisla.skoczow.pl\/wp-content\/uploads\/2021\/07\/IMG_20210708_201832-1024x683.jpg 1024w, http:\/\/wisla.skoczow.pl\/wp-content\/uploads\/2021\/07\/IMG_20210708_201832-300x200.jpg 300w, http:\/\/wisla.skoczow.pl\/wp-content\/uploads\/2021\/07\/IMG_20210708_201832-768x512.jpg 768w, http:\/\/wisla.skoczow.pl\/wp-content\/uploads\/2021\/07\/IMG_20210708_201832-1536x1024.jpg 1536w, http:\/\/wisla.skoczow.pl\/wp-content\/uploads\/2021\/07\/IMG_20210708_201832-2048x1365.jpg 2048w, http:\/\/wisla.skoczow.pl\/wp-content\/uploads\/2021\/07\/IMG_20210708_201832-128x85.jpg 128w, http:\/\/wisla.skoczow.pl\/wp-content\/uploads\/2021\/07\/IMG_20210708_201832-32x21.jpg 32w, http:\/\/wisla.skoczow.pl\/wp-content\/uploads\/2021\/07\/IMG_20210708_201832-1200x800.jpg 1200w\" sizes=\"auto, (max-width: 1024px) 100vw, 1024px\" \/><\/a><\/figure>\n<\/div>\n\n\n\n<div class=\"wp-block-column is-layout-flow wp-block-column-is-layout-flow\">\n<figure class=\"wp-block-image size-large is-style-rounded\"><a href=\"http:\/\/wisla.skoczow.pl\/wp-content\/uploads\/2021\/07\/IMG_20210708_201748-scaled.jpg\"><img loading=\"lazy\" decoding=\"async\" width=\"1024\" height=\"683\" src=\"http:\/\/wisla.skoczow.pl\/wp-content\/uploads\/2021\/07\/IMG_20210708_201748-1024x683.jpg\" alt=\"\" class=\"wp-image-7587\" srcset=\"http:\/\/wisla.skoczow.pl\/wp-content\/uploads\/2021\/07\/IMG_20210708_201748-1024x683.jpg 1024w, http:\/\/wisla.skoczow.pl\/wp-content\/uploads\/2021\/07\/IMG_20210708_201748-300x200.jpg 300w, http:\/\/wisla.skoczow.pl\/wp-content\/uploads\/2021\/07\/IMG_20210708_201748-768x512.jpg 768w, http:\/\/wisla.skoczow.pl\/wp-content\/uploads\/2021\/07\/IMG_20210708_201748-1536x1024.jpg 1536w, http:\/\/wisla.skoczow.pl\/wp-content\/uploads\/2021\/07\/IMG_20210708_201748-2048x1365.jpg 2048w, http:\/\/wisla.skoczow.pl\/wp-content\/uploads\/2021\/07\/IMG_20210708_201748-128x85.jpg 128w, http:\/\/wisla.skoczow.pl\/wp-content\/uploads\/2021\/07\/IMG_20210708_201748-32x21.jpg 32w, http:\/\/wisla.skoczow.pl\/wp-content\/uploads\/2021\/07\/IMG_20210708_201748-1200x800.jpg 1200w\" sizes=\"auto, (max-width: 1024px) 100vw, 1024px\" \/><\/a><\/figure>\n<\/div>\n\n\n\n<div class=\"wp-block-column is-layout-flow wp-block-column-is-layout-flow\">\n<figure class=\"wp-block-image size-large is-style-rounded\"><a href=\"http:\/\/wisla.skoczow.pl\/wp-content\/uploads\/2021\/07\/IMG_20210708_201654-scaled.jpg\"><img loading=\"lazy\" decoding=\"async\" width=\"1024\" height=\"683\" src=\"http:\/\/wisla.skoczow.pl\/wp-content\/uploads\/2021\/07\/IMG_20210708_201654-1024x683.jpg\" alt=\"\" class=\"wp-image-7586\" srcset=\"http:\/\/wisla.skoczow.pl\/wp-content\/uploads\/2021\/07\/IMG_20210708_201654-1024x683.jpg 1024w, http:\/\/wisla.skoczow.pl\/wp-content\/uploads\/2021\/07\/IMG_20210708_201654-300x200.jpg 300w, http:\/\/wisla.skoczow.pl\/wp-content\/uploads\/2021\/07\/IMG_20210708_201654-768x512.jpg 768w, http:\/\/wisla.skoczow.pl\/wp-content\/uploads\/2021\/07\/IMG_20210708_201654-1536x1024.jpg 1536w, http:\/\/wisla.skoczow.pl\/wp-content\/uploads\/2021\/07\/IMG_20210708_201654-2048x1365.jpg 2048w, http:\/\/wisla.skoczow.pl\/wp-content\/uploads\/2021\/07\/IMG_20210708_201654-128x85.jpg 128w, http:\/\/wisla.skoczow.pl\/wp-content\/uploads\/2021\/07\/IMG_20210708_201654-32x21.jpg 32w, http:\/\/wisla.skoczow.pl\/wp-content\/uploads\/2021\/07\/IMG_20210708_201654-1200x800.jpg 1200w\" sizes=\"auto, (max-width: 1024px) 100vw, 1024px\" \/><\/a><\/figure>\n<\/div>\n<\/div>\n\n\n\n<p><strong>Hala sportowa SOSiR w Skoczowie<br>ul. Sportowa 6<\/strong><\/p>\n\n\n\n<div class=\"wp-block-columns is-layout-flex wp-container-core-columns-is-layout-28f84493 wp-block-columns-is-layout-flex\">\n<div class=\"wp-block-column is-layout-flow wp-block-column-is-layout-flow\">\n<figure class=\"wp-block-image size-large is-style-rounded\"><a href=\"http:\/\/wisla.skoczow.pl\/wp-content\/uploads\/2021\/07\/IMG_20210708_202316.jpg\"><img loading=\"lazy\" decoding=\"async\" width=\"1024\" height=\"721\" src=\"http:\/\/wisla.skoczow.pl\/wp-content\/uploads\/2021\/07\/IMG_20210708_202316-1024x721.jpg\" alt=\"\" class=\"wp-image-7592\" srcset=\"http:\/\/wisla.skoczow.pl\/wp-content\/uploads\/2021\/07\/IMG_20210708_202316-1024x721.jpg 1024w, http:\/\/wisla.skoczow.pl\/wp-content\/uploads\/2021\/07\/IMG_20210708_202316-300x211.jpg 300w, http:\/\/wisla.skoczow.pl\/wp-content\/uploads\/2021\/07\/IMG_20210708_202316-768x541.jpg 768w, http:\/\/wisla.skoczow.pl\/wp-content\/uploads\/2021\/07\/IMG_20210708_202316-1536x1082.jpg 1536w, http:\/\/wisla.skoczow.pl\/wp-content\/uploads\/2021\/07\/IMG_20210708_202316-2048x1442.jpg 2048w, http:\/\/wisla.skoczow.pl\/wp-content\/uploads\/2021\/07\/IMG_20210708_202316-128x90.jpg 128w, http:\/\/wisla.skoczow.pl\/wp-content\/uploads\/2021\/07\/IMG_20210708_202316-32x23.jpg 32w, http:\/\/wisla.skoczow.pl\/wp-content\/uploads\/2021\/07\/IMG_20210708_202316-1200x845.jpg 1200w\" sizes=\"auto, (max-width: 1024px) 100vw, 1024px\" \/><\/a><\/figure>\n<\/div>\n\n\n\n<div class=\"wp-block-column is-layout-flow wp-block-column-is-layout-flow\">\n<figure class=\"wp-block-image size-large is-style-rounded\"><a href=\"http:\/\/wisla.skoczow.pl\/wp-content\/uploads\/2021\/07\/IMG_20210708_202230.jpg\"><img loading=\"lazy\" decoding=\"async\" width=\"1024\" height=\"703\" src=\"http:\/\/wisla.skoczow.pl\/wp-content\/uploads\/2021\/07\/IMG_20210708_202230-1024x703.jpg\" alt=\"\" class=\"wp-image-7591\" srcset=\"http:\/\/wisla.skoczow.pl\/wp-content\/uploads\/2021\/07\/IMG_20210708_202230-1024x703.jpg 1024w, http:\/\/wisla.skoczow.pl\/wp-content\/uploads\/2021\/07\/IMG_20210708_202230-300x206.jpg 300w, http:\/\/wisla.skoczow.pl\/wp-content\/uploads\/2021\/07\/IMG_20210708_202230-768x527.jpg 768w, http:\/\/wisla.skoczow.pl\/wp-content\/uploads\/2021\/07\/IMG_20210708_202230-1536x1055.jpg 1536w, http:\/\/wisla.skoczow.pl\/wp-content\/uploads\/2021\/07\/IMG_20210708_202230-2048x1406.jpg 2048w, http:\/\/wisla.skoczow.pl\/wp-content\/uploads\/2021\/07\/IMG_20210708_202230-128x88.jpg 128w, http:\/\/wisla.skoczow.pl\/wp-content\/uploads\/2021\/07\/IMG_20210708_202230-32x22.jpg 32w, http:\/\/wisla.skoczow.pl\/wp-content\/uploads\/2021\/07\/IMG_20210708_202230-1200x824.jpg 1200w\" sizes=\"auto, (max-width: 1024px) 100vw, 1024px\" \/><\/a><\/figure>\n<\/div>\n\n\n\n<div class=\"wp-block-column is-layout-flow wp-block-column-is-layout-flow\">\n<figure class=\"wp-block-image size-large is-style-rounded\"><a href=\"http:\/\/wisla.skoczow.pl\/wp-content\/uploads\/2021\/07\/IMG_20210708_202006-scaled.jpg\"><img loading=\"lazy\" decoding=\"async\" width=\"1024\" height=\"683\" src=\"http:\/\/wisla.skoczow.pl\/wp-content\/uploads\/2021\/07\/IMG_20210708_202006-1024x683.jpg\" alt=\"\" class=\"wp-image-7590\" srcset=\"http:\/\/wisla.skoczow.pl\/wp-content\/uploads\/2021\/07\/IMG_20210708_202006-1024x683.jpg 1024w, http:\/\/wisla.skoczow.pl\/wp-content\/uploads\/2021\/07\/IMG_20210708_202006-300x200.jpg 300w, http:\/\/wisla.skoczow.pl\/wp-content\/uploads\/2021\/07\/IMG_20210708_202006-768x512.jpg 768w, http:\/\/wisla.skoczow.pl\/wp-content\/uploads\/2021\/07\/IMG_20210708_202006-1536x1024.jpg 1536w, http:\/\/wisla.skoczow.pl\/wp-content\/uploads\/2021\/07\/IMG_20210708_202006-2048x1365.jpg 2048w, http:\/\/wisla.skoczow.pl\/wp-content\/uploads\/2021\/07\/IMG_20210708_202006-128x85.jpg 128w, http:\/\/wisla.skoczow.pl\/wp-content\/uploads\/2021\/07\/IMG_20210708_202006-32x21.jpg 32w, http:\/\/wisla.skoczow.pl\/wp-content\/uploads\/2021\/07\/IMG_20210708_202006-1200x800.jpg 1200w\" sizes=\"auto, (max-width: 1024px) 100vw, 1024px\" \/><\/a><\/figure>\n<\/div>\n<\/div>\n\n\n\n<p><strong>Hala sportowa przy ZSTiO w Skoczowie<br>ul. G\u00f3recka 65<\/strong><\/p>\n\n\n\n<div class=\"wp-block-columns is-layout-flex wp-container-core-columns-is-layout-28f84493 wp-block-columns-is-layout-flex\">\n<div class=\"wp-block-column is-layout-flow wp-block-column-is-layout-flow\"><\/div>\n\n\n\n<div class=\"wp-block-column is-layout-flow wp-block-column-is-layout-flow\"><\/div>\n\n\n\n<div class=\"wp-block-column is-layout-flow wp-block-column-is-layout-flow\"><\/div>\n<\/div>\n\n\n\n<p><strong>Hala sportowa przy SP1 w G\u00f3rkach Wielkich<br>ul. Szkolna 1<\/strong><\/p>\n\n\n\n<div class=\"wp-block-columns is-layout-flex wp-container-core-columns-is-layout-28f84493 wp-block-columns-is-layout-flex\">\n<div class=\"wp-block-column is-layout-flow wp-block-column-is-layout-flow\"><\/div>\n\n\n\n<div class=\"wp-block-column is-layout-flow wp-block-column-is-layout-flow\"><\/div>\n\n\n\n<div class=\"wp-block-column is-layout-flow wp-block-column-is-layout-flow\"><\/div>\n<\/div>\n","protected":false},"excerpt":{"rendered":"<p>Stadion Miejski SOSiR &#8222;Beskid&#8221; im. R. Kukucza ul.Sportowa 6, 43-430 Skocz\u00f3w \u00a0 Boisko trawiaste SOSiR w Wi\u015blicyul. Stadionowa 5 Boisko ze sztuczn\u0105 nawierzchni\u0105 przy SP8 w Skoczowieul. Gustawa Morcinka 20 Boisko &#8222;ORLIK&#8221; w Skoczowieul. G\u00f3recka 65a Hala sportowa SOSiR w Skoczowieul. Sportowa 6 Hala sportowa przy ZSTiO w Skoczowieul. G\u00f3recka 65 Hala sportowa przy SP1 [&hellip;]<\/p>\n","protected":false},"author":1,"featured_media":0,"parent":0,"menu_order":0,"comment_status":"closed","ping_status":"closed","template":"","meta":{"ngg_post_thumbnail":0,"footnotes":""},"class_list":["post-73","page","type-page","status-publish","hentry"],"featured_image_url":[],"post_author":"admin","assigned_categories":"","_links":{"self":[{"href":"http:\/\/wisla.skoczow.pl\/index.php?rest_route=\/wp\/v2\/pages\/73","targetHints":{"allow":["GET"]}}],"collection":[{"href":"http:\/\/wisla.skoczow.pl\/index.php?rest_route=\/wp\/v2\/pages"}],"about":[{"href":"http:\/\/wisla.skoczow.pl\/index.php?rest_route=\/wp\/v2\/types\/page"}],"author":[{"embeddable":true,"href":"http:\/\/wisla.skoczow.pl\/index.php?rest_route=\/wp\/v2\/users\/1"}],"replies":[{"embeddable":true,"href":"http:\/\/wisla.skoczow.pl\/index.php?rest_route=%2Fwp%2Fv2%2Fcomments&post=73"}],"version-history":[{"count":29,"href":"http:\/\/wisla.skoczow.pl\/index.php?rest_route=\/wp\/v2\/pages\/73\/revisions"}],"predecessor-version":[{"id":13337,"href":"http:\/\/wisla.skoczow.pl\/index.php?rest_route=\/wp\/v2\/pages\/73\/revisions\/13337"}],"wp:attachment":[{"href":"http:\/\/wisla.skoczow.pl\/index.php?rest_route=%2Fwp%2Fv2%2Fmedia&parent=73"}],"curies":[{"name":"wp","href":"https:\/\/api.w.org\/{rel}","templated":true}]}}