{"id":8289,"date":"2022-04-02T14:27:30","date_gmt":"2022-04-02T13:27:30","guid":{"rendered":"http:\/\/wisla.skoczow.pl\/?page_id=8289"},"modified":"2025-09-21T22:18:14","modified_gmt":"2025-09-21T21:18:14","slug":"koordynator-klubu","status":"publish","type":"page","link":"http:\/\/wisla.skoczow.pl\/?page_id=8289","title":{"rendered":"Kontakt"},"content":{"rendered":"\n<div class=\"wp-block-columns is-layout-flex wp-container-core-columns-is-layout-28f84493 wp-block-columns-is-layout-flex\">\n<div class=\"wp-block-column is-layout-flow wp-block-column-is-layout-flow\">\n<figure class=\"wp-block-image size-full is-resized\"><a href=\"http:\/\/wisla.skoczow.pl\/wp-content\/uploads\/2025\/02\/herb_KKS.png\"><img loading=\"lazy\" decoding=\"async\" width=\"460\" height=\"466\" src=\"http:\/\/wisla.skoczow.pl\/wp-content\/uploads\/2025\/02\/herb_KKS.png\" alt=\"\" class=\"wp-image-56066\" style=\"width:235px;height:auto\" srcset=\"http:\/\/wisla.skoczow.pl\/wp-content\/uploads\/2025\/02\/herb_KKS.png 460w, http:\/\/wisla.skoczow.pl\/wp-content\/uploads\/2025\/02\/herb_KKS-296x300.png 296w, http:\/\/wisla.skoczow.pl\/wp-content\/uploads\/2025\/02\/herb_KKS-126x128.png 126w, http:\/\/wisla.skoczow.pl\/wp-content\/uploads\/2025\/02\/herb_KKS-32x32.png 32w\" sizes=\"auto, (max-width: 460px) 100vw, 460px\" \/><\/a><\/figure>\n<\/div>\n\n\n\n<div class=\"wp-block-column is-layout-flow wp-block-column-is-layout-flow\">\n<p class=\"has-primary-color has-text-color has-link-color has-normal-font-size wp-elements-6e136f836eac82c146e16045680c3871\" style=\"line-height:1.1\">Kobiecy Klub Sportowy \u201cWis\u0142a\u201d w Skoczowie<br>ul. Bielska 34, 43-430 Skocz\u00f3w<br>NIP: 548-257-83-19<br><br>Barwy: niebiesko-czerwono-\u017c\u00f3\u0142te<br><br>Konto: 85 8126 0007 0000 8019 2000 0020<br>\u2013 Bank Sp\u00f3\u0142dzielczy w Skoczowie<br><br>KRS: 0000319668<br><br>Adres do korespondencji:<br>ul. Plaskowiec 17, 43-430 Skocz\u00f3w<br><\/p>\n<\/div>\n\n\n\n<div class=\"wp-block-column is-layout-flow wp-block-column-is-layout-flow\">\n<p class=\"has-primary-color has-text-color has-link-color has-normal-font-size wp-elements-6cb53adf7134efd2f5579ce56b0ab299\" style=\"line-height:1.1\">Osoby kontaktowe:<br><br>SEKRETARIAT KLUBU:&nbsp;<br>kkswisla@gmail.com<br><br>PREZES \u2013 Andrzej Fajer<br>kom: 502-270-502<br>e-mail: baza@anfa.pl<br><br>TRENER KOORDYNATOR \u2013 Sonia Gustowska<br>kom: 794-749-522<br>e-mail: trenersonia@gmail.com<\/p>\n<\/div>\n<\/div>\n\n\n\n<h4 class=\"wp-block-heading\">KONTAKT TRENERZY:<\/h4>\n\n\n\n<div class=\"wp-block-columns is-layout-flex wp-container-core-columns-is-layout-28f84493 wp-block-columns-is-layout-flex\">\n<div class=\"wp-block-column is-layout-flow wp-block-column-is-layout-flow\">\n<p><em>Trener I liga PLFK\/ U13:<\/em><br><strong>SONIA GUSTOWSKA <\/strong><br>tel.: 794 749 522<br>e-mail: trenersonia@gmail.com<\/p>\n\n\n\n<p><em>Trener U16\/U18: <\/em><br><strong>KLAUDIA BOGACKA<\/strong> <br>tel.: 513 384 902<br>e-mail: bogna.kb@gmail.com<\/p>\n<\/div>\n\n\n\n<div class=\"wp-block-column is-layout-flow wp-block-column-is-layout-flow\">\n<p><em>Trener Seniorki: <\/em><br><strong>KRZYSZTOF ZUBER <\/strong><br>tel.: 781 791 869<br>e-mail: krzysztof.zuber11@gmail.com<\/p>\n\n\n\n<p><em>Trener bramkarek: <\/em><br><strong>MARIUSZ KURZOK <\/strong><br>tel.: 667 240 756<br>e-mail: kurzokmariusz@gmail.com<\/p>\n<\/div>\n\n\n\n<div class=\"wp-block-column is-layout-flow wp-block-column-is-layout-flow\">\n<p><em>Trener U11:<\/em><br><strong>NIKOLA SKURZOK<\/strong><br>tel.: 516 282 703<br>e-mail: skurzoknikola04@gmail.com<\/p>\n\n\n\n<p><em>Trener U7:<\/em><br><strong>KAROLINA STANNA<\/strong><br>tel.: 531 712 168<br>e-mail: kstanna3@gmail.com<\/p>\n<\/div>\n<\/div>\n\n\n\n<p><\/p>\n","protected":false},"excerpt":{"rendered":"<p>Kobiecy Klub Sportowy \u201cWis\u0142a\u201d w Skoczowieul. Bielska 34, 43-430 Skocz\u00f3wNIP: 548-257-83-19 Barwy: niebiesko-czerwono-\u017c\u00f3\u0142te Konto: 85 8126 0007 0000 8019 2000 0020\u2013 Bank Sp\u00f3\u0142dzielczy w Skoczowie KRS: 0000319668 Adres do korespondencji:ul. Plaskowiec 17, 43-430 Skocz\u00f3w Osoby kontaktowe: SEKRETARIAT KLUBU:&nbsp;kkswisla@gmail.com PREZES \u2013 Andrzej Fajerkom: 502-270-502e-mail: baza@anfa.pl TRENER KOORDYNATOR \u2013 Sonia Gustowskakom: 794-749-522e-mail: trenersonia@gmail.com KONTAKT TRENERZY: Trener I [&hellip;]<\/p>\n","protected":false},"author":1,"featured_media":0,"parent":0,"menu_order":0,"comment_status":"closed","ping_status":"closed","template":"","meta":{"ngg_post_thumbnail":0,"footnotes":""},"class_list":["post-8289","page","type-page","status-publish","hentry"],"featured_image_url":[],"post_author":"admin","assigned_categories":"","_links":{"self":[{"href":"http:\/\/wisla.skoczow.pl\/index.php?rest_route=\/wp\/v2\/pages\/8289","targetHints":{"allow":["GET"]}}],"collection":[{"href":"http:\/\/wisla.skoczow.pl\/index.php?rest_route=\/wp\/v2\/pages"}],"about":[{"href":"http:\/\/wisla.skoczow.pl\/index.php?rest_route=\/wp\/v2\/types\/page"}],"author":[{"embeddable":true,"href":"http:\/\/wisla.skoczow.pl\/index.php?rest_route=\/wp\/v2\/users\/1"}],"replies":[{"embeddable":true,"href":"http:\/\/wisla.skoczow.pl\/index.php?rest_route=%2Fwp%2Fv2%2Fcomments&post=8289"}],"version-history":[{"count":25,"href":"http:\/\/wisla.skoczow.pl\/index.php?rest_route=\/wp\/v2\/pages\/8289\/revisions"}],"predecessor-version":[{"id":62181,"href":"http:\/\/wisla.skoczow.pl\/index.php?rest_route=\/wp\/v2\/pages\/8289\/revisions\/62181"}],"wp:attachment":[{"href":"http:\/\/wisla.skoczow.pl\/index.php?rest_route=%2Fwp%2Fv2%2Fmedia&parent=8289"}],"curies":[{"name":"wp","href":"https:\/\/api.w.org\/{rel}","templated":true}]}}