{"id":84,"date":"2014-11-29T20:36:02","date_gmt":"2014-11-29T19:36:02","guid":{"rendered":"http:\/\/localhost\/wp\/?page_id=84"},"modified":"2025-02-16T23:16:42","modified_gmt":"2025-02-16T22:16:42","slug":"sponsorzy","status":"publish","type":"page","link":"http:\/\/wisla.skoczow.pl\/?page_id=84","title":{"rendered":"Sponsorzy"},"content":{"rendered":"\n<p class=\"has-text-align-center has-lato-font-family\"><strong>ZOSTA\u0143 NASZYM SPONSOREM<\/strong><\/p>\n\n\n\n<p class=\"has-text-align-center has-lato-font-family\">WSPIERAJ\u0104C DZIA\u0141ALNO\u015a\u0106 NASZEGO KLUBU POMAGASZ SPE\u0141NI\u0106 MARZENIA TRENUJ\u0104CYM <br>W NASZYM KLUBIE DZIEWCZYNKOM, A TAK\u017bE BARDZIEJ DO\u015aWIADCZONYCH ZAWODNICZKOM <br>ORAZ BADMINTONISTOM AMATOROM.<\/p>\n\n\n\n<p class=\"has-lato-font-family\">Firmy anga\u017cuj\u0105ce swoje \u015brodki w sponsoring sportowy ciesz\u0105 si\u0119 uznaniem konsument\u00f3w, maj\u0105 opini\u0119 przedsi\u0119biorstw odpowiedzialnych spo\u0142ecznie.<br>Sponsoring sportowy buduje pozytywny wizerunek produkt\u00f3w i us\u0142ug przez kojarzenie ich ze sportowym mistrzostwem i jako\u015bci\u0105, pozytywnymi uczuciami i emocjami, witalno\u015bci\u0105, zdrow\u0105 rywalizacj\u0105, zwyci\u0119stwem i energi\u0105.<br>Sponsoring sportowy daje mo\u017cliwo\u015b\u0107 dotarcia do szerokiego grona kibic\u00f3w, sympatyk\u00f3w-potencjalnych klient\u00f3w i obecno\u015b\u0107 we wszystkich dost\u0119pnych mediach bez dodatkowych nak\u0142ad\u00f3w finansowych. Mo\u017ce by\u0107 ta\u0144szy od tradycyjnych kampanii reklamowych, mo\u017ce dzia\u0142a\u0107 d\u0142u\u017cej jednocze\u015bnie wywieraj\u0105c pozytywny wizerunek firmy, marki, zw\u0142aszcza dzi\u015b w dobie propagowania zdrowego stylu \u017cycia.<\/p>\n\n\n\n<p class=\"has-lato-font-family\"><strong>W zale\u017cno\u015bci od zakresu Pa\u0144stwa pomocy mo\u017cemy zaoferowa\u0107:<\/strong><\/p>\n\n\n\n<ul class=\"wp-block-list\">\n<li class=\"has-lato-font-family\">Logotypy Firmy na banerach reklamowych eksponowanych podczas wszystkich imprez sportowych organizowanych przez klub,<\/li>\n\n\n\n<li class=\"has-lato-font-family\">Logo Firmy w serwisach internetowych \u2013 stronach klubowych (strona internetowa, facebook) i umieszczanie na nich informacji reklamowych Pa\u0144stwa Firmy,<\/li>\n\n\n\n<li class=\"has-lato-font-family\">Certyfikat pami\u0105tkowy potwierdzaj\u0105cy status firmy wspieraj\u0105cej klub KKS Wis\u0142a Skocz\u00f3w,<\/li>\n\n\n\n<li class=\"has-lato-font-family\">Umieszczanie logo Firmy na \u201egad\u017cetach\u201d promocyjnych KKS Wis\u0142a Skocz\u00f3w (smycze, proporczyki, koszulki i inne),<\/li>\n\n\n\n<li class=\"has-lato-font-family\">Prawo do wykorzystywania przez Pa\u0144stwa Firm\u0119 herbu klubu w celach marketingowych,<\/li>\n\n\n\n<li class=\"has-lato-font-family\">Umieszczanie Logo Firmy na materia\u0142ach drukowanych: plakatach, zaproszeniach, programach meczowych, kalendarzach,<\/li>\n\n\n\n<li class=\"has-lato-font-family\">Prawo do wykorzystywania wizerunku zawodniczek w kampaniach reklamowych,<\/li>\n\n\n\n<li class=\"has-lato-font-family\">Wsp\u00f3lny mecz pi\u0142karski z przedstawicielami Pa\u0144stwa Firmy,<\/li>\n\n\n\n<li class=\"has-lato-font-family\">Mo\u017cliwo\u015b\u0107 zorganizowania dla Firmy sportowego eventu,<\/li>\n\n\n\n<li class=\"has-lato-font-family\">Mo\u017cliwo\u015b\u0107 do\u0142\u0105czenia gad\u017cet\u00f3w i upomink\u00f3w firmowych do pakiet\u00f3w wr\u0119czanych przy okazji mecz\u00f3w, turniej\u00f3w i imprez okoliczno\u015bciowych,<\/li>\n\n\n\n<li class=\"has-lato-font-family\">Udost\u0119pnienie miejsca na sprz\u0119cie meczowym lub treningowym jednej lub wszystkich dru\u017cyn w celu umieszczenia Logotypu Firmy,<\/li>\n\n\n\n<li class=\"has-lato-font-family\">Prawo do w\u0142\u0105czenia swojej nazwy Firmy jako cz\u0142on do oficjalnej nazwy klubu. Pe\u0142na nazwa widoczna b\u0119dzie we wszelkich terminarzach, zapowiedziach, tabelach meczowych, czy te\u017c klubowych pismach i korespondencjach.<\/li>\n<\/ul>\n\n\n\n<p class=\"has-lato-font-family\">Jeste\u015bmy otwarci na wsp\u00f3\u0142prac\u0119 i mo\u017cliwo\u015b\u0107 dostosowania naszych dzia\u0142a\u0144 promocyjnych do Pa\u0144stwa potrzeb. Wierz\u0119, \u017ce mo\u017cemy zapewni\u0107 odpowiedni\u0105 reklam\u0119 jak r\u00f3wnie\u017c promocj\u0119, kt\u00f3ra wp\u0142ynie pozytywnie na wizerunek Pa\u0144stwa firmy. Dotychczasowe dzia\u0142ania oraz dynamiczny rozw\u00f3j sekcji, jak r\u00f3wnie\u017c wizerunek \u201epi\u0119kniejszej strony futbolu\u201d, daje nam ju\u017c teraz spore mo\u017cliwo\u015bci promowania naszych sponsor\u00f3w i partner\u00f3w, a w nied\u0142ugim czasie z pewno\u015bci\u0105 jeszcze wi\u0119ksze.<\/p>\n\n\n\n<p class=\"has-lato-font-family\">Je\u017celi nasza dzia\u0142alno\u015b\u0107 i rozw\u00f3j naszych wspania\u0142ych zawodniczek odpowiadaj\u0105 Pa\u0144stwa koncepcji spo\u0142ecznej odpowiedzialno\u015bci biznesu, to z dum\u0105 b\u0119dziemy reprezentowa\u0107 i reklamowa\u0107 Pa\u0144stwa Firm\u0119.<\/p>\n\n\n\n<p class=\"has-lato-font-family\">Andrzej Fajer<br>Prezes Zarz\u0105du KKS Wis\u0142a Skocz\u00f3w<\/p>\n\n\n\n<div class=\"wp-block-columns is-layout-flex wp-container-core-columns-is-layout-28f84493 wp-block-columns-is-layout-flex\">\n<div class=\"wp-block-column is-layout-flow wp-block-column-is-layout-flow\"><\/div>\n\n\n\n<div class=\"wp-block-column is-layout-flow wp-block-column-is-layout-flow\">\n<figure class=\"wp-block-image size-large\"><img loading=\"lazy\" decoding=\"async\" width=\"758\" height=\"310\" src=\"http:\/\/wisla.skoczow.pl\/wp-content\/uploads\/2021\/03\/GMINA-SPONSOR.jpg\" alt=\"\" class=\"wp-image-6883\" srcset=\"http:\/\/wisla.skoczow.pl\/wp-content\/uploads\/2021\/03\/GMINA-SPONSOR.jpg 758w, http:\/\/wisla.skoczow.pl\/wp-content\/uploads\/2021\/03\/GMINA-SPONSOR-300x123.jpg 300w, http:\/\/wisla.skoczow.pl\/wp-content\/uploads\/2021\/03\/GMINA-SPONSOR-128x52.jpg 128w, http:\/\/wisla.skoczow.pl\/wp-content\/uploads\/2021\/03\/GMINA-SPONSOR-32x13.jpg 32w\" sizes=\"auto, (max-width: 758px) 100vw, 758px\" \/><\/figure>\n<\/div>\n<\/div>\n\n\n\n<p class=\"has-teko-font-family has-extra-large-font-size\"><strong>WSPIERAJ\u0104 NAS<\/strong>:<\/p>\n\n\n\n<div class=\"wp-block-columns is-layout-flex wp-container-core-columns-is-layout-28f84493 wp-block-columns-is-layout-flex\">\n<div class=\"wp-block-column is-layout-flow wp-block-column-is-layout-flow\">\n<figure class=\"wp-block-image aligncenter size-large\"><img loading=\"lazy\" decoding=\"async\" width=\"158\" height=\"109\" src=\"http:\/\/wisla.skoczow.pl\/wp-content\/uploads\/2021\/07\/logo.png\" alt=\"\" class=\"wp-image-7538\" srcset=\"http:\/\/wisla.skoczow.pl\/wp-content\/uploads\/2021\/07\/logo.png 158w, http:\/\/wisla.skoczow.pl\/wp-content\/uploads\/2021\/07\/logo-128x88.png 128w, http:\/\/wisla.skoczow.pl\/wp-content\/uploads\/2021\/07\/logo-32x22.png 32w\" sizes=\"auto, (max-width: 158px) 100vw, 158px\" \/><\/figure>\n<\/div>\n\n\n\n<div class=\"wp-block-column is-layout-flow wp-block-column-is-layout-flow\">\n<figure class=\"wp-block-image aligncenter size-full\"><img loading=\"lazy\" decoding=\"async\" width=\"752\" height=\"660\" src=\"http:\/\/wisla.skoczow.pl\/wp-content\/uploads\/2023\/12\/ubezp-1.jpg\" alt=\"\" class=\"wp-image-13575\" srcset=\"http:\/\/wisla.skoczow.pl\/wp-content\/uploads\/2023\/12\/ubezp-1.jpg 752w, http:\/\/wisla.skoczow.pl\/wp-content\/uploads\/2023\/12\/ubezp-1-300x263.jpg 300w, http:\/\/wisla.skoczow.pl\/wp-content\/uploads\/2023\/12\/ubezp-1-128x112.jpg 128w, http:\/\/wisla.skoczow.pl\/wp-content\/uploads\/2023\/12\/ubezp-1-32x28.jpg 32w\" sizes=\"auto, (max-width: 752px) 100vw, 752px\" \/><\/figure>\n<\/div>\n\n\n\n<div class=\"wp-block-column is-layout-flow wp-block-column-is-layout-flow\">\n<figure class=\"wp-block-image aligncenter size-large is-resized\"><img loading=\"lazy\" decoding=\"async\" width=\"605\" height=\"608\" src=\"http:\/\/wisla.skoczow.pl\/wp-content\/uploads\/2017\/04\/SLZ-ZPN.png\" alt=\"\" class=\"wp-image-2582\" style=\"width:126px;height:126px\" srcset=\"http:\/\/wisla.skoczow.pl\/wp-content\/uploads\/2017\/04\/SLZ-ZPN.png 605w, http:\/\/wisla.skoczow.pl\/wp-content\/uploads\/2017\/04\/SLZ-ZPN-150x150.png 150w, http:\/\/wisla.skoczow.pl\/wp-content\/uploads\/2017\/04\/SLZ-ZPN-298x300.png 298w, http:\/\/wisla.skoczow.pl\/wp-content\/uploads\/2017\/04\/SLZ-ZPN-128x128.png 128w, http:\/\/wisla.skoczow.pl\/wp-content\/uploads\/2017\/04\/SLZ-ZPN-32x32.png 32w\" sizes=\"auto, (max-width: 605px) 100vw, 605px\" \/><\/figure>\n<\/div>\n\n\n\n<div class=\"wp-block-column is-layout-flow wp-block-column-is-layout-flow\">\n<figure class=\"wp-block-image aligncenter size-large is-resized\"><img loading=\"lazy\" decoding=\"async\" width=\"658\" height=\"768\" src=\"http:\/\/wisla.skoczow.pl\/wp-content\/uploads\/2014\/11\/herb-sko.png\" alt=\"\" class=\"wp-image-413\" style=\"width:111px;height:129px\" srcset=\"http:\/\/wisla.skoczow.pl\/wp-content\/uploads\/2014\/11\/herb-sko.png 658w, http:\/\/wisla.skoczow.pl\/wp-content\/uploads\/2014\/11\/herb-sko-257x300.png 257w\" sizes=\"auto, (max-width: 658px) 100vw, 658px\" \/><\/figure>\n<\/div>\n<\/div>\n\n\n\n<div class=\"wp-block-columns is-layout-flex wp-container-core-columns-is-layout-28f84493 wp-block-columns-is-layout-flex\">\n<div class=\"wp-block-column is-layout-flow wp-block-column-is-layout-flow\">\n<figure class=\"wp-block-image aligncenter size-large is-resized\"><img loading=\"lazy\" decoding=\"async\" width=\"193\" height=\"261\" src=\"http:\/\/wisla.skoczow.pl\/wp-content\/uploads\/2021\/06\/podokregsko.png\" alt=\"\" class=\"wp-image-7337\" style=\"width:132px;height:178px\" srcset=\"http:\/\/wisla.skoczow.pl\/wp-content\/uploads\/2021\/06\/podokregsko.png 193w, http:\/\/wisla.skoczow.pl\/wp-content\/uploads\/2021\/06\/podokregsko-95x128.png 95w, http:\/\/wisla.skoczow.pl\/wp-content\/uploads\/2021\/06\/podokregsko-24x32.png 24w\" sizes=\"auto, (max-width: 193px) 100vw, 193px\" \/><\/figure>\n<\/div>\n\n\n\n<div class=\"wp-block-column is-layout-flow wp-block-column-is-layout-flow\">\n<figure class=\"wp-block-image aligncenter size-large is-resized\"><img loading=\"lazy\" decoding=\"async\" width=\"225\" height=\"225\" src=\"http:\/\/wisla.skoczow.pl\/wp-content\/uploads\/2014\/11\/vifi.png\" alt=\"\" class=\"wp-image-4172\" style=\"width:157px;height:157px\" srcset=\"http:\/\/wisla.skoczow.pl\/wp-content\/uploads\/2014\/11\/vifi.png 225w, http:\/\/wisla.skoczow.pl\/wp-content\/uploads\/2014\/11\/vifi-150x150.png 150w, http:\/\/wisla.skoczow.pl\/wp-content\/uploads\/2014\/11\/vifi-128x128.png 128w, http:\/\/wisla.skoczow.pl\/wp-content\/uploads\/2014\/11\/vifi-32x32.png 32w\" sizes=\"auto, (max-width: 225px) 100vw, 225px\" \/><\/figure>\n<\/div>\n\n\n\n<div class=\"wp-block-column is-layout-flow wp-block-column-is-layout-flow\">\n<figure class=\"wp-block-image aligncenter size-large is-resized\"><img loading=\"lazy\" decoding=\"async\" width=\"330\" height=\"332\" src=\"http:\/\/wisla.skoczow.pl\/wp-content\/uploads\/2021\/07\/fizjo-partner.png\" alt=\"\" class=\"wp-image-7536\" style=\"width:161px;height:162px\" srcset=\"http:\/\/wisla.skoczow.pl\/wp-content\/uploads\/2021\/07\/fizjo-partner.png 330w, http:\/\/wisla.skoczow.pl\/wp-content\/uploads\/2021\/07\/fizjo-partner-298x300.png 298w, http:\/\/wisla.skoczow.pl\/wp-content\/uploads\/2021\/07\/fizjo-partner-150x150.png 150w, http:\/\/wisla.skoczow.pl\/wp-content\/uploads\/2021\/07\/fizjo-partner-128x128.png 128w, http:\/\/wisla.skoczow.pl\/wp-content\/uploads\/2021\/07\/fizjo-partner-32x32.png 32w\" sizes=\"auto, (max-width: 330px) 100vw, 330px\" \/><\/figure>\n<\/div>\n\n\n\n<div class=\"wp-block-column is-layout-flow wp-block-column-is-layout-flow\">\n<figure class=\"wp-block-image aligncenter size-large is-resized\"><img loading=\"lazy\" decoding=\"async\" width=\"225\" height=\"225\" src=\"http:\/\/wisla.skoczow.pl\/wp-content\/uploads\/2014\/11\/AP-sport.jpg\" alt=\"\" class=\"wp-image-6490\" style=\"width:167px;height:167px\" srcset=\"http:\/\/wisla.skoczow.pl\/wp-content\/uploads\/2014\/11\/AP-sport.jpg 225w, http:\/\/wisla.skoczow.pl\/wp-content\/uploads\/2014\/11\/AP-sport-150x150.jpg 150w, http:\/\/wisla.skoczow.pl\/wp-content\/uploads\/2014\/11\/AP-sport-128x128.jpg 128w, http:\/\/wisla.skoczow.pl\/wp-content\/uploads\/2014\/11\/AP-sport-32x32.jpg 32w\" sizes=\"auto, (max-width: 225px) 100vw, 225px\" \/><\/figure>\n<\/div>\n<\/div>\n\n\n\n<div class=\"wp-block-columns is-layout-flex wp-container-core-columns-is-layout-28f84493 wp-block-columns-is-layout-flex\">\n<div class=\"wp-block-column is-layout-flow wp-block-column-is-layout-flow\">\n<figure class=\"wp-block-image aligncenter size-large\"><img loading=\"lazy\" decoding=\"async\" width=\"300\" height=\"160\" src=\"http:\/\/wisla.skoczow.pl\/wp-content\/uploads\/2021\/03\/salubritas-300x160-1.jpg\" alt=\"\" class=\"wp-image-6889\" srcset=\"http:\/\/wisla.skoczow.pl\/wp-content\/uploads\/2021\/03\/salubritas-300x160-1.jpg 300w, http:\/\/wisla.skoczow.pl\/wp-content\/uploads\/2021\/03\/salubritas-300x160-1-128x68.jpg 128w, http:\/\/wisla.skoczow.pl\/wp-content\/uploads\/2021\/03\/salubritas-300x160-1-32x17.jpg 32w\" sizes=\"auto, (max-width: 300px) 100vw, 300px\" \/><\/figure>\n<\/div>\n\n\n\n<div class=\"wp-block-column is-layout-flow wp-block-column-is-layout-flow\">\n<figure class=\"wp-block-image aligncenter size-large\"><img loading=\"lazy\" decoding=\"async\" width=\"214\" height=\"54\" src=\"http:\/\/wisla.skoczow.pl\/wp-content\/uploads\/2021\/03\/logo_anfa_m.png\" alt=\"\" class=\"wp-image-6885\" srcset=\"http:\/\/wisla.skoczow.pl\/wp-content\/uploads\/2021\/03\/logo_anfa_m.png 214w, http:\/\/wisla.skoczow.pl\/wp-content\/uploads\/2021\/03\/logo_anfa_m-128x32.png 128w, http:\/\/wisla.skoczow.pl\/wp-content\/uploads\/2021\/03\/logo_anfa_m-32x8.png 32w\" sizes=\"auto, (max-width: 214px) 100vw, 214px\" \/><\/figure>\n<\/div>\n\n\n\n<div class=\"wp-block-column is-layout-flow wp-block-column-is-layout-flow\">\n<figure class=\"wp-block-image aligncenter size-large\"><img loading=\"lazy\" decoding=\"async\" width=\"1024\" height=\"294\" src=\"http:\/\/wisla.skoczow.pl\/wp-content\/uploads\/2021\/03\/WIESCI-1024x294.jpg\" alt=\"\" class=\"wp-image-6893\" srcset=\"http:\/\/wisla.skoczow.pl\/wp-content\/uploads\/2021\/03\/WIESCI-1024x294.jpg 1024w, http:\/\/wisla.skoczow.pl\/wp-content\/uploads\/2021\/03\/WIESCI-300x86.jpg 300w, http:\/\/wisla.skoczow.pl\/wp-content\/uploads\/2021\/03\/WIESCI-768x220.jpg 768w, http:\/\/wisla.skoczow.pl\/wp-content\/uploads\/2021\/03\/WIESCI-128x37.jpg 128w, http:\/\/wisla.skoczow.pl\/wp-content\/uploads\/2021\/03\/WIESCI-32x9.jpg 32w, http:\/\/wisla.skoczow.pl\/wp-content\/uploads\/2021\/03\/WIESCI.jpg 1164w\" sizes=\"auto, (max-width: 1024px) 100vw, 1024px\" \/><\/figure>\n<\/div>\n\n\n\n<div class=\"wp-block-column is-layout-flow wp-block-column-is-layout-flow\">\n<figure class=\"wp-block-image aligncenter size-large\"><img loading=\"lazy\" decoding=\"async\" width=\"300\" height=\"111\" src=\"http:\/\/wisla.skoczow.pl\/wp-content\/uploads\/2021\/03\/glos-ziemi-cieszynskiej-300x111-1.png\" alt=\"\" class=\"wp-image-6888\" srcset=\"http:\/\/wisla.skoczow.pl\/wp-content\/uploads\/2021\/03\/glos-ziemi-cieszynskiej-300x111-1.png 300w, http:\/\/wisla.skoczow.pl\/wp-content\/uploads\/2021\/03\/glos-ziemi-cieszynskiej-300x111-1-128x47.png 128w, http:\/\/wisla.skoczow.pl\/wp-content\/uploads\/2021\/03\/glos-ziemi-cieszynskiej-300x111-1-32x12.png 32w\" sizes=\"auto, (max-width: 300px) 100vw, 300px\" \/><\/figure>\n<\/div>\n<\/div>\n\n\n\n<div class=\"wp-block-columns is-layout-flex wp-container-core-columns-is-layout-28f84493 wp-block-columns-is-layout-flex\">\n<div class=\"wp-block-column is-layout-flow wp-block-column-is-layout-flow\">\n<figure class=\"wp-block-image size-large\"><img loading=\"lazy\" decoding=\"async\" width=\"280\" height=\"76\" src=\"http:\/\/wisla.skoczow.pl\/wp-content\/uploads\/2021\/07\/beskidzka24_dobre_logo-e1534417318547.png\" alt=\"\" class=\"wp-image-7542\" srcset=\"http:\/\/wisla.skoczow.pl\/wp-content\/uploads\/2021\/07\/beskidzka24_dobre_logo-e1534417318547.png 280w, http:\/\/wisla.skoczow.pl\/wp-content\/uploads\/2021\/07\/beskidzka24_dobre_logo-e1534417318547-128x35.png 128w, http:\/\/wisla.skoczow.pl\/wp-content\/uploads\/2021\/07\/beskidzka24_dobre_logo-e1534417318547-32x9.png 32w\" sizes=\"auto, (max-width: 280px) 100vw, 280px\" \/><\/figure>\n<\/div>\n\n\n\n<div class=\"wp-block-column is-layout-flow wp-block-column-is-layout-flow\">\n<figure class=\"wp-block-image aligncenter size-large is-resized\"><a href=\"https:\/\/placowki.mp.pl\/unit\/index.html?id=770912\"><img loading=\"lazy\" decoding=\"async\" width=\"883\" height=\"883\" src=\"http:\/\/wisla.skoczow.pl\/wp-content\/uploads\/2021\/08\/agapemed.png\" alt=\"\" class=\"wp-image-7652\" style=\"width:143px;height:143px\" srcset=\"http:\/\/wisla.skoczow.pl\/wp-content\/uploads\/2021\/08\/agapemed.png 883w, http:\/\/wisla.skoczow.pl\/wp-content\/uploads\/2021\/08\/agapemed-300x300.png 300w, http:\/\/wisla.skoczow.pl\/wp-content\/uploads\/2021\/08\/agapemed-150x150.png 150w, http:\/\/wisla.skoczow.pl\/wp-content\/uploads\/2021\/08\/agapemed-768x768.png 768w, http:\/\/wisla.skoczow.pl\/wp-content\/uploads\/2021\/08\/agapemed-128x128.png 128w, http:\/\/wisla.skoczow.pl\/wp-content\/uploads\/2021\/08\/agapemed-32x32.png 32w\" sizes=\"auto, (max-width: 883px) 100vw, 883px\" \/><\/a><\/figure>\n<\/div>\n\n\n\n<div class=\"wp-block-column is-layout-flow wp-block-column-is-layout-flow\">\n<figure class=\"wp-block-image size-large\"><a href=\"http:\/\/wisla.skoczow.pl\/wp-content\/uploads\/2023\/05\/IMG_9731-scaled.jpg\"><img loading=\"lazy\" decoding=\"async\" width=\"1024\" height=\"552\" src=\"http:\/\/wisla.skoczow.pl\/wp-content\/uploads\/2023\/05\/IMG_9731-1024x552.jpg\" alt=\"\" class=\"wp-image-11918\" srcset=\"http:\/\/wisla.skoczow.pl\/wp-content\/uploads\/2023\/05\/IMG_9731-1024x552.jpg 1024w, http:\/\/wisla.skoczow.pl\/wp-content\/uploads\/2023\/05\/IMG_9731-300x162.jpg 300w, http:\/\/wisla.skoczow.pl\/wp-content\/uploads\/2023\/05\/IMG_9731-768x414.jpg 768w, http:\/\/wisla.skoczow.pl\/wp-content\/uploads\/2023\/05\/IMG_9731-1536x828.jpg 1536w, http:\/\/wisla.skoczow.pl\/wp-content\/uploads\/2023\/05\/IMG_9731-2048x1105.jpg 2048w, http:\/\/wisla.skoczow.pl\/wp-content\/uploads\/2023\/05\/IMG_9731-128x69.jpg 128w, http:\/\/wisla.skoczow.pl\/wp-content\/uploads\/2023\/05\/IMG_9731-32x17.jpg 32w, http:\/\/wisla.skoczow.pl\/wp-content\/uploads\/2023\/05\/IMG_9731-1200x647.jpg 1200w\" sizes=\"auto, (max-width: 1024px) 100vw, 1024px\" \/><\/a><\/figure>\n<\/div>\n\n\n\n<div class=\"wp-block-column is-layout-flow wp-block-column-is-layout-flow\">\n<figure class=\"wp-block-image size-large\"><a href=\"http:\/\/wisla.skoczow.pl\/wp-content\/uploads\/2023\/05\/IMG_9729-2-scaled.jpg\"><img loading=\"lazy\" decoding=\"async\" width=\"1024\" height=\"559\" src=\"http:\/\/wisla.skoczow.pl\/wp-content\/uploads\/2023\/05\/IMG_9729-2-1024x559.jpg\" alt=\"\" class=\"wp-image-11923\" srcset=\"http:\/\/wisla.skoczow.pl\/wp-content\/uploads\/2023\/05\/IMG_9729-2-1024x559.jpg 1024w, http:\/\/wisla.skoczow.pl\/wp-content\/uploads\/2023\/05\/IMG_9729-2-300x164.jpg 300w, http:\/\/wisla.skoczow.pl\/wp-content\/uploads\/2023\/05\/IMG_9729-2-768x419.jpg 768w, http:\/\/wisla.skoczow.pl\/wp-content\/uploads\/2023\/05\/IMG_9729-2-1536x839.jpg 1536w, http:\/\/wisla.skoczow.pl\/wp-content\/uploads\/2023\/05\/IMG_9729-2-2048x1118.jpg 2048w, http:\/\/wisla.skoczow.pl\/wp-content\/uploads\/2023\/05\/IMG_9729-2-128x70.jpg 128w, http:\/\/wisla.skoczow.pl\/wp-content\/uploads\/2023\/05\/IMG_9729-2-32x17.jpg 32w, http:\/\/wisla.skoczow.pl\/wp-content\/uploads\/2023\/05\/IMG_9729-2-1200x655.jpg 1200w\" sizes=\"auto, (max-width: 1024px) 100vw, 1024px\" \/><\/a><\/figure>\n<\/div>\n<\/div>\n\n\n\n<div class=\"wp-block-columns is-layout-flex wp-container-core-columns-is-layout-28f84493 wp-block-columns-is-layout-flex\">\n<div class=\"wp-block-column is-layout-flow wp-block-column-is-layout-flow\">\n<figure class=\"wp-block-image size-full\"><a href=\"http:\/\/wisla.skoczow.pl\/wp-content\/uploads\/2014\/11\/sobik-logo.jpg\"><img loading=\"lazy\" decoding=\"async\" width=\"997\" height=\"664\" src=\"http:\/\/wisla.skoczow.pl\/wp-content\/uploads\/2014\/11\/sobik-logo.jpg\" alt=\"\" class=\"wp-image-2880\" srcset=\"http:\/\/wisla.skoczow.pl\/wp-content\/uploads\/2014\/11\/sobik-logo.jpg 997w, http:\/\/wisla.skoczow.pl\/wp-content\/uploads\/2014\/11\/sobik-logo-300x199.jpg 300w, http:\/\/wisla.skoczow.pl\/wp-content\/uploads\/2014\/11\/sobik-logo-128x85.jpg 128w, http:\/\/wisla.skoczow.pl\/wp-content\/uploads\/2014\/11\/sobik-logo-32x21.jpg 32w\" sizes=\"auto, (max-width: 997px) 100vw, 997px\" \/><\/a><\/figure>\n<\/div>\n\n\n\n<div class=\"wp-block-column is-layout-flow wp-block-column-is-layout-flow\"><\/div>\n\n\n\n<div class=\"wp-block-column is-layout-flow wp-block-column-is-layout-flow\"><\/div>\n<\/div>\n","protected":false},"excerpt":{"rendered":"<p>ZOSTA\u0143 NASZYM SPONSOREM WSPIERAJ\u0104C DZIA\u0141ALNO\u015a\u0106 NASZEGO KLUBU POMAGASZ SPE\u0141NI\u0106 MARZENIA TRENUJ\u0104CYM W NASZYM KLUBIE DZIEWCZYNKOM, A TAK\u017bE BARDZIEJ DO\u015aWIADCZONYCH ZAWODNICZKOM ORAZ BADMINTONISTOM AMATOROM. Firmy anga\u017cuj\u0105ce swoje \u015brodki w sponsoring sportowy ciesz\u0105 si\u0119 uznaniem konsument\u00f3w, maj\u0105 opini\u0119 przedsi\u0119biorstw odpowiedzialnych spo\u0142ecznie.Sponsoring sportowy buduje pozytywny wizerunek produkt\u00f3w i us\u0142ug przez kojarzenie ich ze sportowym mistrzostwem i jako\u015bci\u0105, pozytywnymi [&hellip;]<\/p>\n","protected":false},"author":1,"featured_media":0,"parent":0,"menu_order":0,"comment_status":"closed","ping_status":"closed","template":"","meta":{"ngg_post_thumbnail":0,"footnotes":""},"class_list":["post-84","page","type-page","status-publish","hentry"],"featured_image_url":[],"post_author":"admin","assigned_categories":"","_links":{"self":[{"href":"http:\/\/wisla.skoczow.pl\/index.php?rest_route=\/wp\/v2\/pages\/84","targetHints":{"allow":["GET"]}}],"collection":[{"href":"http:\/\/wisla.skoczow.pl\/index.php?rest_route=\/wp\/v2\/pages"}],"about":[{"href":"http:\/\/wisla.skoczow.pl\/index.php?rest_route=\/wp\/v2\/types\/page"}],"author":[{"embeddable":true,"href":"http:\/\/wisla.skoczow.pl\/index.php?rest_route=\/wp\/v2\/users\/1"}],"replies":[{"embeddable":true,"href":"http:\/\/wisla.skoczow.pl\/index.php?rest_route=%2Fwp%2Fv2%2Fcomments&post=84"}],"version-history":[{"count":90,"href":"http:\/\/wisla.skoczow.pl\/index.php?rest_route=\/wp\/v2\/pages\/84\/revisions"}],"predecessor-version":[{"id":56453,"href":"http:\/\/wisla.skoczow.pl\/index.php?rest_route=\/wp\/v2\/pages\/84\/revisions\/56453"}],"wp:attachment":[{"href":"http:\/\/wisla.skoczow.pl\/index.php?rest_route=%2Fwp%2Fv2%2Fmedia&parent=84"}],"curies":[{"name":"wp","href":"https:\/\/api.w.org\/{rel}","templated":true}]}}